{"id":1143,"date":"2024-03-24T16:22:10","date_gmt":"2024-03-24T15:22:10","guid":{"rendered":"https:\/\/poland.fashionrevolution.org\/?page_id=1143"},"modified":"2024-03-24T16:31:14","modified_gmt":"2024-03-24T15:31:14","slug":"klub-partnerow-lista-szkolen","status":"publish","type":"page","link":"https:\/\/poland.fashionrevolution.org\/pt\/klub-partnerow-lista-szkolen\/","title":{"rendered":"Szkolenia Klubu Partner\u00f3w Fashion Revolution Polska"},"content":{"rendered":"<div class=\"gb-container gb-container-c5107f29\">\n<div class=\"gb-container gb-container-8106ce1d\">\n<div class=\"gb-container gb-container-79aa9358\">\n\n<div class=\"wp-block-columns is-layout-flex wp-container-core-columns-is-layout-9d6595d7 wp-block-columns-is-layout-flex\">\n<div class=\"wp-block-column is-layout-flow wp-block-column-is-layout-flow\" style=\"flex-basis:66.66%\">\n<p><strong>W Fashion Revolution Polska wierzymy, \u017ce wiedza jest niezb\u0119dnym filarem mody zr\u00f3wnowa\u017conej.<\/strong><\/p>\n\n\n\n<p><strong>Co jest korzystne spo\u0142ecznie i \u015brodowiskowo? W jakim otoczeniu prawnym funkcjonujemy? Jakie technologie s\u0105 dost\u0119pne ju\u017c dzi\u015b, a jakie s\u0105 ju\u017c rozwijane?<\/strong><\/p>\n\n\n\n<p><strong>Aby odpowiedzie\u0107 na te pytania (i wiele innych) zapraszamy ekspertki i ekspert\u00f3w w swoich dziedzinach do prowadzenia szkole\u0144 dla cz\u0142onk\u00f3w Klubu Partner\u00f3w.<\/strong><\/p>\n<\/div>\n\n\n\n<div class=\"wp-block-column is-layout-flow wp-block-column-is-layout-flow\" style=\"flex-basis:33.33%\"><div class=\"wp-block-image\">\n<figure class=\"alignleft size-full\"><img loading=\"lazy\" decoding=\"async\" width=\"400\" height=\"200\" src=\"https:\/\/poland.fashionrevolution.org\/wp-content\/uploads\/sites\/23\/2023\/11\/2.png\" alt=\"\" class=\"wp-image-1031\" srcset=\"https:\/\/poland.fashionrevolution.org\/wp-content\/uploads\/sites\/23\/2023\/11\/2.png 400w, https:\/\/poland.fashionrevolution.org\/wp-content\/uploads\/sites\/23\/2023\/11\/2-300x150.png 300w, https:\/\/poland.fashionrevolution.org\/wp-content\/uploads\/sites\/23\/2023\/11\/2-18x9.png 18w\" sizes=\"auto, (max-width: 400px) 100vw, 400px\" \/><\/figure>\n<\/div><\/div>\n<\/div>\n\n<\/div>\n<\/div>\n<\/div>\n\n\n<h3 class=\"wp-block-heading\">Szkolenia zrealizowane do tej pory<\/h3>\n\n\n\n<p><strong>Edukacja konsument\u00f3w w komunikacji marki odpowiedzialnej<br><\/strong>Prowadzenie: Agnieszka W\u0105sowska-Tel\u0119ga<br>lipiec 2023<\/p>\n\n\n\n<p><strong>Konsumenci mody w krajach Grupy Wyszehradzkiej (prezentacja wynik\u00f3w bada\u0144)<br><\/strong>Prowadzenie: Eliza Gawrjo\u0142ek, Katarzyna Olesiuk<br>pa\u017adziernik 2023<br><br><strong>Konkursy online: aspekty prawne<br><\/strong>Prowadzenie: Monika Chylak, SO IN LAW<br>listopad 2023<br><br><strong>Opinie online: prawa i obowi\u0105zki<br><\/strong>Prowadzenie: Weronika Bednarska, SO IN LAW<br>luty 2024<br><br><strong>Obowi\u0105zki zwi\u0105zane z odpadami dla bran\u017cy modowej<br><\/strong>Prowadzenie: Piotr Popielarski, Marta Warza\u0144ska, Kancelaria WKB<br>luty 2024<\/p>\n\n\n\n<h3 class=\"wp-block-heading\">Zaplanowane szkolenia<\/h3>\n\n\n\n<p><strong>Prz\u0119dze przysz\u0142o\u015bci: wodorosty, lotos, mi\u0119ta, kukurydza, konopie, sproszkowana per\u0142a<br><\/strong>Prowadzenie: Ma\u0142gorzata Wiatr<br>25 marca 2024<\/p>\n\n\n\n<p><strong>Odcienie systemu mody: projektowanie, marketing i konsumpcja przez pryzmat kolor\u00f3w<br><\/strong>Prowadzenie: Julia Kaleta<br>kwiecie\u0144 2024<\/p>","protected":false},"excerpt":{"rendered":"<p>W Fashion Revolution Polska wierzymy, \u017ce wiedza jest niezb\u0119dnym filarem mody zr\u00f3wnowa\u017conej. Co jest korzystne spo\u0142ecznie i \u015brodowiskowo? W jakim otoczeniu prawnym funkcjonujemy? Jakie technologie s\u0105 dost\u0119pne ju\u017c dzi\u015b, a jakie s\u0105 ju\u017c rozwijane? Aby odpowiedzie\u0107 na te pytania (i wiele innych) zapraszamy ekspertki i ekspert\u00f3w w swoich dziedzinach do prowadzenia szkole\u0144 dla cz\u0142onk\u00f3w Klubu [&hellip;]<\/p>\n","protected":false},"author":27,"featured_media":0,"parent":0,"menu_order":0,"comment_status":"closed","ping_status":"closed","template":"","meta":{"footnotes":""},"class_list":["post-1143","page","type-page","status-publish","hentry"],"yoast_head":"<!-- This site is optimized with the Yoast SEO plugin v27.4 - https:\/\/yoast.com\/product\/yoast-seo-wordpress\/ -->\n<title>Szkolenia Klubu Partner\u00f3w Fashion Revolution Polska - Fashion Revolution Polska<\/title>\n<meta name=\"robots\" content=\"index, follow, max-snippet:-1, max-image-preview:large, max-video-preview:-1\" \/>\n<link rel=\"canonical\" href=\"https:\/\/poland.fashionrevolution.org\/pt\/klub-partnerow-lista-szkolen\/\" \/>\n<meta property=\"og:locale\" content=\"pt_BR\" \/>\n<meta property=\"og:type\" content=\"article\" \/>\n<meta property=\"og:title\" content=\"Szkolenia Klubu Partner\u00f3w Fashion Revolution Polska - Fashion Revolution Polska\" \/>\n<meta property=\"og:description\" content=\"W Fashion Revolution Polska wierzymy, \u017ce wiedza jest niezb\u0119dnym filarem mody zr\u00f3wnowa\u017conej. Co jest korzystne spo\u0142ecznie i \u015brodowiskowo? W jakim otoczeniu prawnym funkcjonujemy? Jakie technologie s\u0105 dost\u0119pne ju\u017c dzi\u015b, a jakie s\u0105 ju\u017c rozwijane? Aby odpowiedzie\u0107 na te pytania (i wiele innych) zapraszamy ekspertki i ekspert\u00f3w w swoich dziedzinach do prowadzenia szkole\u0144 dla cz\u0142onk\u00f3w Klubu [&hellip;]\" \/>\n<meta property=\"og:url\" content=\"https:\/\/poland.fashionrevolution.org\/pt\/klub-partnerow-lista-szkolen\/\" \/>\n<meta property=\"og:site_name\" content=\"Fashion Revolution Polska\" \/>\n<meta property=\"article:publisher\" content=\"https:\/\/www.facebook.com\/FashionRevolutionPoland\/\" \/>\n<meta property=\"article:modified_time\" content=\"2024-03-24T15:31:14+00:00\" \/>\n<meta property=\"og:image\" content=\"https:\/\/poland.fashionrevolution.org\/wp-content\/uploads\/sites\/23\/2023\/11\/2.png\" \/>\n<meta name=\"twitter:card\" content=\"summary_large_image\" \/>\n<meta name=\"twitter:label1\" content=\"Est. tempo de leitura\" \/>\n\t<meta name=\"twitter:data1\" content=\"1 minuto\" \/>\n<script type=\"application\/ld+json\" class=\"yoast-schema-graph\">{\"@context\":\"https:\\\/\\\/schema.org\",\"@graph\":[{\"@type\":\"WebPage\",\"@id\":\"https:\\\/\\\/poland.fashionrevolution.org\\\/klub-partnerow-lista-szkolen\\\/\",\"url\":\"https:\\\/\\\/poland.fashionrevolution.org\\\/klub-partnerow-lista-szkolen\\\/\",\"name\":\"Szkolenia Klubu Partner\u00f3w Fashion Revolution Polska - Fashion Revolution Polska\",\"isPartOf\":{\"@id\":\"https:\\\/\\\/poland.fashionrevolution.org\\\/#website\"},\"primaryImageOfPage\":{\"@id\":\"https:\\\/\\\/poland.fashionrevolution.org\\\/klub-partnerow-lista-szkolen\\\/#primaryimage\"},\"image\":{\"@id\":\"https:\\\/\\\/poland.fashionrevolution.org\\\/klub-partnerow-lista-szkolen\\\/#primaryimage\"},\"thumbnailUrl\":\"https:\\\/\\\/poland.fashionrevolution.org\\\/wp-content\\\/uploads\\\/sites\\\/23\\\/2023\\\/11\\\/2.png\",\"datePublished\":\"2024-03-24T15:22:10+00:00\",\"dateModified\":\"2024-03-24T15:31:14+00:00\",\"breadcrumb\":{\"@id\":\"https:\\\/\\\/poland.fashionrevolution.org\\\/klub-partnerow-lista-szkolen\\\/#breadcrumb\"},\"inLanguage\":\"pt-BR\",\"potentialAction\":[{\"@type\":\"ReadAction\",\"target\":[\"https:\\\/\\\/poland.fashionrevolution.org\\\/klub-partnerow-lista-szkolen\\\/\"]}]},{\"@type\":\"ImageObject\",\"inLanguage\":\"pt-BR\",\"@id\":\"https:\\\/\\\/poland.fashionrevolution.org\\\/klub-partnerow-lista-szkolen\\\/#primaryimage\",\"url\":\"https:\\\/\\\/poland.fashionrevolution.org\\\/wp-content\\\/uploads\\\/sites\\\/23\\\/2023\\\/11\\\/2.png\",\"contentUrl\":\"https:\\\/\\\/poland.fashionrevolution.org\\\/wp-content\\\/uploads\\\/sites\\\/23\\\/2023\\\/11\\\/2.png\"},{\"@type\":\"BreadcrumbList\",\"@id\":\"https:\\\/\\\/poland.fashionrevolution.org\\\/klub-partnerow-lista-szkolen\\\/#breadcrumb\",\"itemListElement\":[{\"@type\":\"ListItem\",\"position\":1,\"name\":\"Home\",\"item\":\"https:\\\/\\\/poland.fashionrevolution.org\\\/\"},{\"@type\":\"ListItem\",\"position\":2,\"name\":\"Szkolenia Klubu Partner\u00f3w Fashion Revolution Polska\"}]},{\"@type\":\"WebSite\",\"@id\":\"https:\\\/\\\/poland.fashionrevolution.org\\\/#website\",\"url\":\"https:\\\/\\\/poland.fashionrevolution.org\\\/\",\"name\":\"Fashion Revolution Polska\",\"description\":\"Fashion Revolution Polska\",\"publisher\":{\"@id\":\"https:\\\/\\\/poland.fashionrevolution.org\\\/#organization\"},\"potentialAction\":[{\"@type\":\"SearchAction\",\"target\":{\"@type\":\"EntryPoint\",\"urlTemplate\":\"https:\\\/\\\/poland.fashionrevolution.org\\\/?s={search_term_string}\"},\"query-input\":{\"@type\":\"PropertyValueSpecification\",\"valueRequired\":true,\"valueName\":\"search_term_string\"}}],\"inLanguage\":\"pt-BR\"},{\"@type\":\"Organization\",\"@id\":\"https:\\\/\\\/poland.fashionrevolution.org\\\/#organization\",\"name\":\"Fashion Revolution Polska\",\"url\":\"https:\\\/\\\/poland.fashionrevolution.org\\\/\",\"logo\":{\"@type\":\"ImageObject\",\"inLanguage\":\"pt-BR\",\"@id\":\"https:\\\/\\\/poland.fashionrevolution.org\\\/#\\\/schema\\\/logo\\\/image\\\/\",\"url\":\"https:\\\/\\\/poland.fashionrevolution.org\\\/wp-content\\\/uploads\\\/sites\\\/23\\\/2022\\\/11\\\/Logo_Poland-1-uai-258x258-1.jpg\",\"contentUrl\":\"https:\\\/\\\/poland.fashionrevolution.org\\\/wp-content\\\/uploads\\\/sites\\\/23\\\/2022\\\/11\\\/Logo_Poland-1-uai-258x258-1.jpg\",\"width\":258,\"height\":258,\"caption\":\"Fashion Revolution Polska\"},\"image\":{\"@id\":\"https:\\\/\\\/poland.fashionrevolution.org\\\/#\\\/schema\\\/logo\\\/image\\\/\"},\"sameAs\":[\"https:\\\/\\\/www.facebook.com\\\/FashionRevolutionPoland\\\/\",\"https:\\\/\\\/www.instagram.com\\\/fash_revpoland\\\/\"]}]}<\/script>\n<!-- \/ Yoast SEO plugin. -->","yoast_head_json":{"title":"Szkolenia Klubu Partner\u00f3w Fashion Revolution Polska - Fashion Revolution Polska","robots":{"index":"index","follow":"follow","max-snippet":"max-snippet:-1","max-image-preview":"max-image-preview:large","max-video-preview":"max-video-preview:-1"},"canonical":"https:\/\/poland.fashionrevolution.org\/pt\/klub-partnerow-lista-szkolen\/","og_locale":"pt_BR","og_type":"article","og_title":"Szkolenia Klubu Partner\u00f3w Fashion Revolution Polska - Fashion Revolution Polska","og_description":"W Fashion Revolution Polska wierzymy, \u017ce wiedza jest niezb\u0119dnym filarem mody zr\u00f3wnowa\u017conej. Co jest korzystne spo\u0142ecznie i \u015brodowiskowo? W jakim otoczeniu prawnym funkcjonujemy? Jakie technologie s\u0105 dost\u0119pne ju\u017c dzi\u015b, a jakie s\u0105 ju\u017c rozwijane? Aby odpowiedzie\u0107 na te pytania (i wiele innych) zapraszamy ekspertki i ekspert\u00f3w w swoich dziedzinach do prowadzenia szkole\u0144 dla cz\u0142onk\u00f3w Klubu [&hellip;]","og_url":"https:\/\/poland.fashionrevolution.org\/pt\/klub-partnerow-lista-szkolen\/","og_site_name":"Fashion Revolution Polska","article_publisher":"https:\/\/www.facebook.com\/FashionRevolutionPoland\/","article_modified_time":"2024-03-24T15:31:14+00:00","og_image":[{"url":"https:\/\/poland.fashionrevolution.org\/wp-content\/uploads\/sites\/23\/2023\/11\/2.png","type":"","width":"","height":""}],"twitter_card":"summary_large_image","twitter_misc":{"Est. tempo de leitura":"1 minuto"},"schema":{"@context":"https:\/\/schema.org","@graph":[{"@type":"WebPage","@id":"https:\/\/poland.fashionrevolution.org\/klub-partnerow-lista-szkolen\/","url":"https:\/\/poland.fashionrevolution.org\/klub-partnerow-lista-szkolen\/","name":"Szkolenia Klubu Partner\u00f3w Fashion Revolution Polska - Fashion Revolution Polska","isPartOf":{"@id":"https:\/\/poland.fashionrevolution.org\/#website"},"primaryImageOfPage":{"@id":"https:\/\/poland.fashionrevolution.org\/klub-partnerow-lista-szkolen\/#primaryimage"},"image":{"@id":"https:\/\/poland.fashionrevolution.org\/klub-partnerow-lista-szkolen\/#primaryimage"},"thumbnailUrl":"https:\/\/poland.fashionrevolution.org\/wp-content\/uploads\/sites\/23\/2023\/11\/2.png","datePublished":"2024-03-24T15:22:10+00:00","dateModified":"2024-03-24T15:31:14+00:00","breadcrumb":{"@id":"https:\/\/poland.fashionrevolution.org\/klub-partnerow-lista-szkolen\/#breadcrumb"},"inLanguage":"pt-BR","potentialAction":[{"@type":"ReadAction","target":["https:\/\/poland.fashionrevolution.org\/klub-partnerow-lista-szkolen\/"]}]},{"@type":"ImageObject","inLanguage":"pt-BR","@id":"https:\/\/poland.fashionrevolution.org\/klub-partnerow-lista-szkolen\/#primaryimage","url":"https:\/\/poland.fashionrevolution.org\/wp-content\/uploads\/sites\/23\/2023\/11\/2.png","contentUrl":"https:\/\/poland.fashionrevolution.org\/wp-content\/uploads\/sites\/23\/2023\/11\/2.png"},{"@type":"BreadcrumbList","@id":"https:\/\/poland.fashionrevolution.org\/klub-partnerow-lista-szkolen\/#breadcrumb","itemListElement":[{"@type":"ListItem","position":1,"name":"Home","item":"https:\/\/poland.fashionrevolution.org\/"},{"@type":"ListItem","position":2,"name":"Szkolenia Klubu Partner\u00f3w Fashion Revolution Polska"}]},{"@type":"WebSite","@id":"https:\/\/poland.fashionrevolution.org\/#website","url":"https:\/\/poland.fashionrevolution.org\/","name":"Fashion Revolution Polska","description":"Fashion Revolution Polska","publisher":{"@id":"https:\/\/poland.fashionrevolution.org\/#organization"},"potentialAction":[{"@type":"SearchAction","target":{"@type":"EntryPoint","urlTemplate":"https:\/\/poland.fashionrevolution.org\/?s={search_term_string}"},"query-input":{"@type":"PropertyValueSpecification","valueRequired":true,"valueName":"search_term_string"}}],"inLanguage":"pt-BR"},{"@type":"Organization","@id":"https:\/\/poland.fashionrevolution.org\/#organization","name":"Fashion Revolution Polska","url":"https:\/\/poland.fashionrevolution.org\/","logo":{"@type":"ImageObject","inLanguage":"pt-BR","@id":"https:\/\/poland.fashionrevolution.org\/#\/schema\/logo\/image\/","url":"https:\/\/poland.fashionrevolution.org\/wp-content\/uploads\/sites\/23\/2022\/11\/Logo_Poland-1-uai-258x258-1.jpg","contentUrl":"https:\/\/poland.fashionrevolution.org\/wp-content\/uploads\/sites\/23\/2022\/11\/Logo_Poland-1-uai-258x258-1.jpg","width":258,"height":258,"caption":"Fashion Revolution Polska"},"image":{"@id":"https:\/\/poland.fashionrevolution.org\/#\/schema\/logo\/image\/"},"sameAs":["https:\/\/www.facebook.com\/FashionRevolutionPoland\/","https:\/\/www.instagram.com\/fash_revpoland\/"]}]}},"_links":{"self":[{"href":"https:\/\/poland.fashionrevolution.org\/pt\/wp-json\/wp\/v2\/pages\/1143","targetHints":{"allow":["GET"]}}],"collection":[{"href":"https:\/\/poland.fashionrevolution.org\/pt\/wp-json\/wp\/v2\/pages"}],"about":[{"href":"https:\/\/poland.fashionrevolution.org\/pt\/wp-json\/wp\/v2\/types\/page"}],"author":[{"embeddable":true,"href":"https:\/\/poland.fashionrevolution.org\/pt\/wp-json\/wp\/v2\/users\/27"}],"replies":[{"embeddable":true,"href":"https:\/\/poland.fashionrevolution.org\/pt\/wp-json\/wp\/v2\/comments?post=1143"}],"version-history":[{"count":5,"href":"https:\/\/poland.fashionrevolution.org\/pt\/wp-json\/wp\/v2\/pages\/1143\/revisions"}],"predecessor-version":[{"id":1150,"href":"https:\/\/poland.fashionrevolution.org\/pt\/wp-json\/wp\/v2\/pages\/1143\/revisions\/1150"}],"wp:attachment":[{"href":"https:\/\/poland.fashionrevolution.org\/pt\/wp-json\/wp\/v2\/media?parent=1143"}],"curies":[{"name":"wp","href":"https:\/\/api.w.org\/{rel}","templated":true}]}}