{"id":152,"date":"2021-03-11T13:21:10","date_gmt":"2021-03-11T16:21:10","guid":{"rendered":"http:\/\/poland.frmicrosites.autonomic.zone\/?page_id=152"},"modified":"2024-03-29T10:58:10","modified_gmt":"2024-03-29T09:58:10","slug":"projekty","status":"publish","type":"page","link":"https:\/\/poland.fashionrevolution.org\/pt\/projekty\/","title":{"rendered":"ProjeKTY"},"content":{"rendered":"<div class=\"gb-container gb-container-7549b7a8\"><div class=\"gb-inside-container\">\n\n<h2 class=\"gb-headline gb-headline-0883dc6b gb-headline-text\"><strong>gry edukacyjne games of clothes<\/strong><\/h2>\n\n\n<div class=\"wp-block-image\">\n<figure class=\"aligncenter size-full is-resized\"><img loading=\"lazy\" decoding=\"async\" width=\"987\" height=\"390\" src=\"https:\/\/poland.fashionrevolution.org\/wp-content\/uploads\/sites\/23\/2024\/03\/Opera-Zrzut-ekranu_2024-03-10_155809_edugames.recycool.academy.png\" alt=\"\" class=\"wp-image-1111\" style=\"width:768px;height:293px\" srcset=\"https:\/\/poland.fashionrevolution.org\/wp-content\/uploads\/sites\/23\/2024\/03\/Opera-Zrzut-ekranu_2024-03-10_155809_edugames.recycool.academy.png 987w, https:\/\/poland.fashionrevolution.org\/wp-content\/uploads\/sites\/23\/2024\/03\/Opera-Zrzut-ekranu_2024-03-10_155809_edugames.recycool.academy-300x119.png 300w, https:\/\/poland.fashionrevolution.org\/wp-content\/uploads\/sites\/23\/2024\/03\/Opera-Zrzut-ekranu_2024-03-10_155809_edugames.recycool.academy-768x303.png 768w, https:\/\/poland.fashionrevolution.org\/wp-content\/uploads\/sites\/23\/2024\/03\/Opera-Zrzut-ekranu_2024-03-10_155809_edugames.recycool.academy-18x7.png 18w\" sizes=\"auto, (max-width: 987px) 100vw, 987px\" \/><\/figure>\n<\/div>\n\n\n<p>Gry s\u0105 efektem mi\u0119dzynarodowego <strong>projektu<\/strong>, w kt\u00f3ry zaanga\u017cowane by\u0142y 4 oddzia\u0142y stowarzyszenia Fashion Revolution, w tym oddzia\u0142 polski.<\/p>\n\n\n\n<p>Dzi\u0119ki projektowi dofinansowanemu z Funduszy Wyszehradzkich powsta\u0142 komplet gier edukacyjnych dla m\u0142odzie\u017cy.<\/p>\n\n\n\n<p>Celem gier jest m.in. na\u015bwietlenie <strong>problem\u00f3w bran\u017cy odzie\u017cowej<\/strong> (np. nadprodukcja, konsumpcjonizm) i zach\u0119canie do <strong>etycznego podej\u015bcia do mody<\/strong>, w tym np. do dba\u0142o\u015bci o ubrania i zwracanie uwagi na to, kto i w jakich warunkach je produkuje.<\/p>\n\n\n\n<p>Ka\u017cda z <strong>gier rozwija wiedz\u0119 i pobudza do przemy\u015ble\u0144 na temat bran\u017cy mody: <\/strong>jej wyzwa\u0144, blask\u00f3w i cieni.<\/p>\n\n\n\n<p>Proponowane scenariusze gier zach\u0119caj\u0105 np. d<strong>o przeprowadzenia debaty, wcielenia si\u0119 w rol\u0119 dziecka pracownika bran\u017cy odzie\u017cowej<\/strong> czy por\u00f3wnania <strong>r\u00f3\u017cnych sposob\u00f3w podej\u015bcia do odzie\u017cowych zakup\u00f3w.<\/strong><\/p>\n\n\n\n<p>Stawiaj\u0105 one na <strong>rozw\u00f3j krytycznego my\u015blenia<\/strong>, nauk\u0119 <strong>formu\u0142owania opinii<\/strong> oraz <strong>zdobywanie wiedzy <\/strong>przez <strong>kreatywne wykorzystanie<\/strong> proponowanych scenariuszy.<\/p>\n\n\n\n<p>Powsta\u0142y gry oparte na zasadach og\u00f3lnie znanej gry typu <em>memory<\/em> (pami\u0119\u0107), gra w typie RPG oraz scenariusze wywodz\u0105ce si\u0119 z koncepcji debat czy dyskusji.<\/p>\n\n\n\n<p><strong>Nie uciekamy od trudnych temat\u00f3w i problem\u00f3w tej bran\u017cy<\/strong>, uwra\u017cliwiaj\u0105c na kwestie takie jak konsumpcjonizm, nier\u00f3wno\u015bci spo\u0142eczne czy zanieczyszczenie planety. Sk\u0142aniamy do zadania pyta\u0144: czy wiem, kto zrobi\u0142 moje ubranie? Czy potrafi\u0119 zadba\u0107 o odzie\u017c? Co robi\u0119 z ubraniami, kt\u00f3rych ju\u017c nie zak\u0142adam?<\/p>\n\n\n\n<p><strong>Pod linkiem<\/strong> znajduj\u0105cym si\u0119 poni\u017cej znajduj\u0105 si\u0119 wszystkie informacje o projekcie Edu Games, w tym przede wszystkim polskoj\u0119zyczne scenariusze i materia\u0142y do samodzielnego wydruku: <a href=\"https:\/\/edugames.recycool.academy\/\" target=\"_blank\" rel=\"noreferrer noopener\">https:\/\/edugames.recycool.academy\/<\/a><\/p>\n\n\n\n<p><\/p>\n\n<\/div><\/div>\n\n<div class=\"gb-container gb-container-3ed270ea\"><div class=\"gb-inside-container\">\n\n<h2 class=\"gb-headline gb-headline-7f8ef16a gb-headline-text\"><strong>FASHION REVOLUTION FRIDAY<\/strong><\/h2>\n\n\n<div class=\"wp-block-image\">\n<figure class=\"aligncenter size-large is-resized\"><img loading=\"lazy\" decoding=\"async\" width=\"1024\" height=\"390\" src=\"https:\/\/poland.fashionrevolution.org\/wp-content\/uploads\/sites\/23\/2022\/11\/5-1024x390.png\" alt=\"\" class=\"wp-image-515\" style=\"width:768px;height:293px\" srcset=\"https:\/\/poland.fashionrevolution.org\/wp-content\/uploads\/sites\/23\/2022\/11\/5-1024x390.png 1024w, https:\/\/poland.fashionrevolution.org\/wp-content\/uploads\/sites\/23\/2022\/11\/5-300x114.png 300w, https:\/\/poland.fashionrevolution.org\/wp-content\/uploads\/sites\/23\/2022\/11\/5-768x292.png 768w, https:\/\/poland.fashionrevolution.org\/wp-content\/uploads\/sites\/23\/2022\/11\/5-18x7.png 18w, https:\/\/poland.fashionrevolution.org\/wp-content\/uploads\/sites\/23\/2022\/11\/5-600x228.png 600w, https:\/\/poland.fashionrevolution.org\/wp-content\/uploads\/sites\/23\/2022\/11\/5.png 1230w\" sizes=\"auto, (max-width: 1024px) 100vw, 1024px\" \/><\/figure>\n<\/div>\n\n\n<p>Fashion Revolution Friday to nasza odpowied\u017a na Czarny Pi\u0105tek.<br>Zach\u0119camy \u015bwiadome marki do wsp\u00f3\u0142pracy, a konsument\u00f3w do przemy\u015blanych zakup\u00f3w.<\/p>\n\n\n\n<p><\/p>\n\n<\/div><\/div>\n\n<div class=\"gb-container gb-container-3fa96b78\"><div class=\"gb-inside-container\">\n\n<h2 class=\"gb-headline gb-headline-07b1a924 gb-headline-text\"><strong>badanie postaw konsumenckich<\/strong><\/h2>\n\n\n\n<h2 class=\"gb-headline gb-headline-18aa3a83 gb-headline-text\"><strong>w krajach grupy wyszehradzki<\/strong>ej<\/h2>\n\n\n<div class=\"wp-block-image\">\n<figure class=\"aligncenter size-large is-resized\"><img loading=\"lazy\" decoding=\"async\" width=\"1024\" height=\"390\" src=\"https:\/\/poland.fashionrevolution.org\/wp-content\/uploads\/sites\/23\/2022\/11\/3-1024x390.png\" alt=\"\" class=\"wp-image-513\" style=\"width:768px;height:293px\" srcset=\"https:\/\/poland.fashionrevolution.org\/wp-content\/uploads\/sites\/23\/2022\/11\/3-1024x390.png 1024w, https:\/\/poland.fashionrevolution.org\/wp-content\/uploads\/sites\/23\/2022\/11\/3-300x114.png 300w, https:\/\/poland.fashionrevolution.org\/wp-content\/uploads\/sites\/23\/2022\/11\/3-768x292.png 768w, https:\/\/poland.fashionrevolution.org\/wp-content\/uploads\/sites\/23\/2022\/11\/3-18x7.png 18w, https:\/\/poland.fashionrevolution.org\/wp-content\/uploads\/sites\/23\/2022\/11\/3-600x228.png 600w, https:\/\/poland.fashionrevolution.org\/wp-content\/uploads\/sites\/23\/2022\/11\/3.png 1230w\" sizes=\"auto, (max-width: 1024px) 100vw, 1024px\" \/><\/figure>\n<\/div>\n\n\n<p>Dzi\u0119ki finansowaniu Funduszu Wyszehradzkiego zrealizowa\u0142y\u015bmy, wraz z oddzia\u0142ami Fashion Revolution z W\u0119gier, S\u0142owacji i Czech, badanie postaw konsumenckich w naszym regionie.<\/p>\n\n\n\n<p>Pe\u0142en raport z bada\u0144 pobierzesz na <a href=\"https:\/\/poland.fashionrevolution.org\/pt\/visegrad-fashion-consumption\/\">stronie projektu<\/a>.<\/p>\n\n<\/div><\/div>\n\n<div class=\"gb-container gb-container-496bd1b3\"><div class=\"gb-inside-container\">\n\n<h2 class=\"gb-headline gb-headline-fd9c5f6c gb-headline-text\"><strong>transformacje<\/strong><\/h2>\n\n\n<div class=\"wp-block-image\">\n<figure class=\"aligncenter size-large is-resized\"><img loading=\"lazy\" decoding=\"async\" width=\"1024\" height=\"390\" src=\"https:\/\/poland.fashionrevolution.org\/wp-content\/uploads\/sites\/23\/2022\/11\/4-1024x390.png\" alt=\"\" class=\"wp-image-514\" style=\"width:768px;height:293px\" srcset=\"https:\/\/poland.fashionrevolution.org\/wp-content\/uploads\/sites\/23\/2022\/11\/4-1024x390.png 1024w, https:\/\/poland.fashionrevolution.org\/wp-content\/uploads\/sites\/23\/2022\/11\/4-300x114.png 300w, https:\/\/poland.fashionrevolution.org\/wp-content\/uploads\/sites\/23\/2022\/11\/4-768x292.png 768w, https:\/\/poland.fashionrevolution.org\/wp-content\/uploads\/sites\/23\/2022\/11\/4-18x7.png 18w, https:\/\/poland.fashionrevolution.org\/wp-content\/uploads\/sites\/23\/2022\/11\/4-600x228.png 600w, https:\/\/poland.fashionrevolution.org\/wp-content\/uploads\/sites\/23\/2022\/11\/4.png 1230w\" sizes=\"auto, (max-width: 1024px) 100vw, 1024px\" \/><\/figure>\n<\/div>\n\n\n<p>Podczas Tygodnia Fashion Revolution zapocz\u0105tkowa\u0142y\u015bmy projekt Transformacje organizuj\u0105c okr\u0105g\u0142y st\u00f3\u0142 mody cyrkularnej. W 2022 r. nast\u0105pi kolejna ods\u0142ona &#8211; raport na temat mody cyrkularnej w Polsce. Szczeg\u00f3\u0142y wkr\u00f3tce.<\/p>\n\n\n\n<p>Filmowy zapis okr\u0105g\u0142ego sto\u0142u jest dost\u0119pny na <a href=\"https:\/\/youtu.be\/03_m4mH5iKE\">naszym kanale na YT<\/a>. <\/p>\n\n<\/div><\/div>","protected":false},"excerpt":{"rendered":"<p>gry edukacyjne games of clothes Gry s\u0105 efektem mi\u0119dzynarodowego projektu, w kt\u00f3ry zaanga\u017cowane by\u0142y 4 oddzia\u0142y stowarzyszenia Fashion Revolution, w tym oddzia\u0142 polski. Dzi\u0119ki projektowi dofinansowanemu z Funduszy Wyszehradzkich powsta\u0142 komplet gier edukacyjnych dla m\u0142odzie\u017cy. Celem gier jest m.in. na\u015bwietlenie problem\u00f3w bran\u017cy odzie\u017cowej (np. nadprodukcja, konsumpcjonizm) i zach\u0119canie do etycznego podej\u015bcia do mody, w tym [&hellip;]<\/p>\n","protected":false},"author":3,"featured_media":0,"parent":0,"menu_order":0,"comment_status":"closed","ping_status":"closed","template":"","meta":{"footnotes":""},"class_list":["post-152","page","type-page","status-publish","hentry"],"yoast_head":"<!-- This site is optimized with the Yoast SEO plugin v27.4 - https:\/\/yoast.com\/product\/yoast-seo-wordpress\/ -->\n<title>ProjeKTY - Fashion Revolution Polska<\/title>\n<meta name=\"robots\" content=\"index, follow, max-snippet:-1, max-image-preview:large, max-video-preview:-1\" \/>\n<link rel=\"canonical\" href=\"https:\/\/poland.fashionrevolution.org\/pt\/projekty\/\" \/>\n<meta property=\"og:locale\" content=\"pt_BR\" \/>\n<meta property=\"og:type\" content=\"article\" \/>\n<meta property=\"og:title\" content=\"ProjeKTY - Fashion Revolution Polska\" \/>\n<meta property=\"og:description\" content=\"gry edukacyjne games of clothes Gry s\u0105 efektem mi\u0119dzynarodowego projektu, w kt\u00f3ry zaanga\u017cowane by\u0142y 4 oddzia\u0142y stowarzyszenia Fashion Revolution, w tym oddzia\u0142 polski. Dzi\u0119ki projektowi dofinansowanemu z Funduszy Wyszehradzkich powsta\u0142 komplet gier edukacyjnych dla m\u0142odzie\u017cy. Celem gier jest m.in. na\u015bwietlenie problem\u00f3w bran\u017cy odzie\u017cowej (np. nadprodukcja, konsumpcjonizm) i zach\u0119canie do etycznego podej\u015bcia do mody, w tym [&hellip;]\" \/>\n<meta property=\"og:url\" content=\"https:\/\/poland.fashionrevolution.org\/pt\/projekty\/\" \/>\n<meta property=\"og:site_name\" content=\"Fashion Revolution Polska\" \/>\n<meta property=\"article:publisher\" content=\"https:\/\/www.facebook.com\/FashionRevolutionPoland\/\" \/>\n<meta property=\"article:modified_time\" content=\"2024-03-29T09:58:10+00:00\" \/>\n<meta property=\"og:image\" content=\"https:\/\/poland.fashionrevolution.org\/wp-content\/uploads\/sites\/23\/2024\/03\/Opera-Zrzut-ekranu_2024-03-10_155809_edugames.recycool.academy.png\" \/>\n<meta name=\"twitter:card\" content=\"summary_large_image\" \/>\n<meta name=\"twitter:label1\" content=\"Est. tempo de leitura\" \/>\n\t<meta name=\"twitter:data1\" content=\"2 minutos\" \/>\n<script type=\"application\/ld+json\" class=\"yoast-schema-graph\">{\"@context\":\"https:\\\/\\\/schema.org\",\"@graph\":[{\"@type\":\"WebPage\",\"@id\":\"https:\\\/\\\/poland.fashionrevolution.org\\\/projekty\\\/\",\"url\":\"https:\\\/\\\/poland.fashionrevolution.org\\\/projekty\\\/\",\"name\":\"ProjeKTY - Fashion Revolution Polska\",\"isPartOf\":{\"@id\":\"https:\\\/\\\/poland.fashionrevolution.org\\\/#website\"},\"primaryImageOfPage\":{\"@id\":\"https:\\\/\\\/poland.fashionrevolution.org\\\/projekty\\\/#primaryimage\"},\"image\":{\"@id\":\"https:\\\/\\\/poland.fashionrevolution.org\\\/projekty\\\/#primaryimage\"},\"thumbnailUrl\":\"https:\\\/\\\/poland.fashionrevolution.org\\\/wp-content\\\/uploads\\\/sites\\\/23\\\/2024\\\/03\\\/Opera-Zrzut-ekranu_2024-03-10_155809_edugames.recycool.academy.png\",\"datePublished\":\"2021-03-11T16:21:10+00:00\",\"dateModified\":\"2024-03-29T09:58:10+00:00\",\"breadcrumb\":{\"@id\":\"https:\\\/\\\/poland.fashionrevolution.org\\\/projekty\\\/#breadcrumb\"},\"inLanguage\":\"pt-BR\",\"potentialAction\":[{\"@type\":\"ReadAction\",\"target\":[\"https:\\\/\\\/poland.fashionrevolution.org\\\/projekty\\\/\"]}]},{\"@type\":\"ImageObject\",\"inLanguage\":\"pt-BR\",\"@id\":\"https:\\\/\\\/poland.fashionrevolution.org\\\/projekty\\\/#primaryimage\",\"url\":\"https:\\\/\\\/poland.fashionrevolution.org\\\/wp-content\\\/uploads\\\/sites\\\/23\\\/2024\\\/03\\\/Opera-Zrzut-ekranu_2024-03-10_155809_edugames.recycool.academy.png\",\"contentUrl\":\"https:\\\/\\\/poland.fashionrevolution.org\\\/wp-content\\\/uploads\\\/sites\\\/23\\\/2024\\\/03\\\/Opera-Zrzut-ekranu_2024-03-10_155809_edugames.recycool.academy.png\"},{\"@type\":\"BreadcrumbList\",\"@id\":\"https:\\\/\\\/poland.fashionrevolution.org\\\/projekty\\\/#breadcrumb\",\"itemListElement\":[{\"@type\":\"ListItem\",\"position\":1,\"name\":\"Home\",\"item\":\"https:\\\/\\\/poland.fashionrevolution.org\\\/\"},{\"@type\":\"ListItem\",\"position\":2,\"name\":\"ProjeKTY\"}]},{\"@type\":\"WebSite\",\"@id\":\"https:\\\/\\\/poland.fashionrevolution.org\\\/#website\",\"url\":\"https:\\\/\\\/poland.fashionrevolution.org\\\/\",\"name\":\"Fashion Revolution Polska\",\"description\":\"Fashion Revolution Polska\",\"publisher\":{\"@id\":\"https:\\\/\\\/poland.fashionrevolution.org\\\/#organization\"},\"potentialAction\":[{\"@type\":\"SearchAction\",\"target\":{\"@type\":\"EntryPoint\",\"urlTemplate\":\"https:\\\/\\\/poland.fashionrevolution.org\\\/?s={search_term_string}\"},\"query-input\":{\"@type\":\"PropertyValueSpecification\",\"valueRequired\":true,\"valueName\":\"search_term_string\"}}],\"inLanguage\":\"pt-BR\"},{\"@type\":\"Organization\",\"@id\":\"https:\\\/\\\/poland.fashionrevolution.org\\\/#organization\",\"name\":\"Fashion Revolution Polska\",\"url\":\"https:\\\/\\\/poland.fashionrevolution.org\\\/\",\"logo\":{\"@type\":\"ImageObject\",\"inLanguage\":\"pt-BR\",\"@id\":\"https:\\\/\\\/poland.fashionrevolution.org\\\/#\\\/schema\\\/logo\\\/image\\\/\",\"url\":\"https:\\\/\\\/poland.fashionrevolution.org\\\/wp-content\\\/uploads\\\/sites\\\/23\\\/2022\\\/11\\\/Logo_Poland-1-uai-258x258-1.jpg\",\"contentUrl\":\"https:\\\/\\\/poland.fashionrevolution.org\\\/wp-content\\\/uploads\\\/sites\\\/23\\\/2022\\\/11\\\/Logo_Poland-1-uai-258x258-1.jpg\",\"width\":258,\"height\":258,\"caption\":\"Fashion Revolution Polska\"},\"image\":{\"@id\":\"https:\\\/\\\/poland.fashionrevolution.org\\\/#\\\/schema\\\/logo\\\/image\\\/\"},\"sameAs\":[\"https:\\\/\\\/www.facebook.com\\\/FashionRevolutionPoland\\\/\",\"https:\\\/\\\/www.instagram.com\\\/fash_revpoland\\\/\"]}]}<\/script>\n<!-- \/ Yoast SEO plugin. -->","yoast_head_json":{"title":"ProjeKTY - Fashion Revolution Polska","robots":{"index":"index","follow":"follow","max-snippet":"max-snippet:-1","max-image-preview":"max-image-preview:large","max-video-preview":"max-video-preview:-1"},"canonical":"https:\/\/poland.fashionrevolution.org\/pt\/projekty\/","og_locale":"pt_BR","og_type":"article","og_title":"ProjeKTY - Fashion Revolution Polska","og_description":"gry edukacyjne games of clothes Gry s\u0105 efektem mi\u0119dzynarodowego projektu, w kt\u00f3ry zaanga\u017cowane by\u0142y 4 oddzia\u0142y stowarzyszenia Fashion Revolution, w tym oddzia\u0142 polski. Dzi\u0119ki projektowi dofinansowanemu z Funduszy Wyszehradzkich powsta\u0142 komplet gier edukacyjnych dla m\u0142odzie\u017cy. Celem gier jest m.in. na\u015bwietlenie problem\u00f3w bran\u017cy odzie\u017cowej (np. nadprodukcja, konsumpcjonizm) i zach\u0119canie do etycznego podej\u015bcia do mody, w tym [&hellip;]","og_url":"https:\/\/poland.fashionrevolution.org\/pt\/projekty\/","og_site_name":"Fashion Revolution Polska","article_publisher":"https:\/\/www.facebook.com\/FashionRevolutionPoland\/","article_modified_time":"2024-03-29T09:58:10+00:00","og_image":[{"url":"https:\/\/poland.fashionrevolution.org\/wp-content\/uploads\/sites\/23\/2024\/03\/Opera-Zrzut-ekranu_2024-03-10_155809_edugames.recycool.academy.png","type":"","width":"","height":""}],"twitter_card":"summary_large_image","twitter_misc":{"Est. tempo de leitura":"2 minutos"},"schema":{"@context":"https:\/\/schema.org","@graph":[{"@type":"WebPage","@id":"https:\/\/poland.fashionrevolution.org\/projekty\/","url":"https:\/\/poland.fashionrevolution.org\/projekty\/","name":"ProjeKTY - Fashion Revolution Polska","isPartOf":{"@id":"https:\/\/poland.fashionrevolution.org\/#website"},"primaryImageOfPage":{"@id":"https:\/\/poland.fashionrevolution.org\/projekty\/#primaryimage"},"image":{"@id":"https:\/\/poland.fashionrevolution.org\/projekty\/#primaryimage"},"thumbnailUrl":"https:\/\/poland.fashionrevolution.org\/wp-content\/uploads\/sites\/23\/2024\/03\/Opera-Zrzut-ekranu_2024-03-10_155809_edugames.recycool.academy.png","datePublished":"2021-03-11T16:21:10+00:00","dateModified":"2024-03-29T09:58:10+00:00","breadcrumb":{"@id":"https:\/\/poland.fashionrevolution.org\/projekty\/#breadcrumb"},"inLanguage":"pt-BR","potentialAction":[{"@type":"ReadAction","target":["https:\/\/poland.fashionrevolution.org\/projekty\/"]}]},{"@type":"ImageObject","inLanguage":"pt-BR","@id":"https:\/\/poland.fashionrevolution.org\/projekty\/#primaryimage","url":"https:\/\/poland.fashionrevolution.org\/wp-content\/uploads\/sites\/23\/2024\/03\/Opera-Zrzut-ekranu_2024-03-10_155809_edugames.recycool.academy.png","contentUrl":"https:\/\/poland.fashionrevolution.org\/wp-content\/uploads\/sites\/23\/2024\/03\/Opera-Zrzut-ekranu_2024-03-10_155809_edugames.recycool.academy.png"},{"@type":"BreadcrumbList","@id":"https:\/\/poland.fashionrevolution.org\/projekty\/#breadcrumb","itemListElement":[{"@type":"ListItem","position":1,"name":"Home","item":"https:\/\/poland.fashionrevolution.org\/"},{"@type":"ListItem","position":2,"name":"ProjeKTY"}]},{"@type":"WebSite","@id":"https:\/\/poland.fashionrevolution.org\/#website","url":"https:\/\/poland.fashionrevolution.org\/","name":"Fashion Revolution Polska","description":"Fashion Revolution Polska","publisher":{"@id":"https:\/\/poland.fashionrevolution.org\/#organization"},"potentialAction":[{"@type":"SearchAction","target":{"@type":"EntryPoint","urlTemplate":"https:\/\/poland.fashionrevolution.org\/?s={search_term_string}"},"query-input":{"@type":"PropertyValueSpecification","valueRequired":true,"valueName":"search_term_string"}}],"inLanguage":"pt-BR"},{"@type":"Organization","@id":"https:\/\/poland.fashionrevolution.org\/#organization","name":"Fashion Revolution Polska","url":"https:\/\/poland.fashionrevolution.org\/","logo":{"@type":"ImageObject","inLanguage":"pt-BR","@id":"https:\/\/poland.fashionrevolution.org\/#\/schema\/logo\/image\/","url":"https:\/\/poland.fashionrevolution.org\/wp-content\/uploads\/sites\/23\/2022\/11\/Logo_Poland-1-uai-258x258-1.jpg","contentUrl":"https:\/\/poland.fashionrevolution.org\/wp-content\/uploads\/sites\/23\/2022\/11\/Logo_Poland-1-uai-258x258-1.jpg","width":258,"height":258,"caption":"Fashion Revolution Polska"},"image":{"@id":"https:\/\/poland.fashionrevolution.org\/#\/schema\/logo\/image\/"},"sameAs":["https:\/\/www.facebook.com\/FashionRevolutionPoland\/","https:\/\/www.instagram.com\/fash_revpoland\/"]}]}},"_links":{"self":[{"href":"https:\/\/poland.fashionrevolution.org\/pt\/wp-json\/wp\/v2\/pages\/152","targetHints":{"allow":["GET"]}}],"collection":[{"href":"https:\/\/poland.fashionrevolution.org\/pt\/wp-json\/wp\/v2\/pages"}],"about":[{"href":"https:\/\/poland.fashionrevolution.org\/pt\/wp-json\/wp\/v2\/types\/page"}],"author":[{"embeddable":true,"href":"https:\/\/poland.fashionrevolution.org\/pt\/wp-json\/wp\/v2\/users\/3"}],"replies":[{"embeddable":true,"href":"https:\/\/poland.fashionrevolution.org\/pt\/wp-json\/wp\/v2\/comments?post=152"}],"version-history":[{"count":10,"href":"https:\/\/poland.fashionrevolution.org\/pt\/wp-json\/wp\/v2\/pages\/152\/revisions"}],"predecessor-version":[{"id":1152,"href":"https:\/\/poland.fashionrevolution.org\/pt\/wp-json\/wp\/v2\/pages\/152\/revisions\/1152"}],"wp:attachment":[{"href":"https:\/\/poland.fashionrevolution.org\/pt\/wp-json\/wp\/v2\/media?parent=152"}],"curies":[{"name":"wp","href":"https:\/\/api.w.org\/{rel}","templated":true}]}}