{"id":2,"date":"2020-12-17T11:41:13","date_gmt":"2020-12-17T11:41:13","guid":{"rendered":"http:\/\/poland.frmicrosites.autonomic.zone\/?page_id=2"},"modified":"2024-05-01T10:20:47","modified_gmt":"2024-05-01T08:20:47","slug":"sample-page","status":"publish","type":"page","link":"https:\/\/poland.fashionrevolution.org\/pt\/","title":{"rendered":"Strona g\u0142\u00f3wna"},"content":{"rendered":"<section class=\"gb-container gb-container-097f91bb get-involved\"><div class=\"gb-inside-container\">\n\n<h2 class=\"wp-block-heading has-text-align-center\"><strong>witaj na stronie fashion revolution polska<\/strong><\/h2>\n\n\n\n<p class=\"has-text-align-center\">Na tej stronie znajdziesz nasze najwa\u017cniejsze <a href=\"https:\/\/poland.fashionrevolution.org\/pt\/projekty\/\" data-type=\"page\" data-id=\"152\">projekty<\/a> i zapowiedzi nadchodz\u0105cych wydarze\u0144. Z <a href=\"https:\/\/poland.fashionrevolution.org\/pt\/blog\/\" data-type=\"page\" data-id=\"395\">bloga<\/a> dowiesz si\u0119 wi\u0119cej o naszych dzia\u0142aniach i przemy\u015bleniach, a w zak\u0142adce <a href=\"https:\/\/poland.fashionrevolution.org\/pt\/about\/\" data-type=\"page\" data-id=\"23\">o nas<\/a> poznasz nasz zesp\u00f3\u0142.<br>Poka\u017cemy Ci te\u017c jak do\u0142\u0105czy\u0107 do Fashion Revolution Polska i jak wspiera\u0107 nasze dzia\u0142ania.<\/p>\n\n\n\n<h3 class=\"wp-block-heading has-text-align-center\">Zapraszamy do rewolucji!<\/h3>\n\n\n\n<h2 class=\"wp-block-heading has-text-align-right\"><strong>#QuemFezMinhasRoupas<\/strong><\/h2>\n\n<\/div><\/section>\n\n<div class=\"gb-container gb-container-e76d78e7\"><div class=\"gb-inside-container\">\n<div class=\"gb-container gb-container-0924f306 gb-headline gb-headline-bc3735c9 gb-headline-text\"><div class=\"gb-inside-container\">\n\n<h2 class=\"gb-headline gb-headline-3da4d7a8 gb-headline-text newsletter\">Zapisz si\u0119 do newslettera<\/h2>\n\n\n\n<p>Dopisuj\u0105c si\u0119 do naszego newslettera zyskasz dost\u0119p do najwa\u017cniejszych informacji na temat naszych dzia\u0142a\u0144 i zapowiedzi. B\u0119dziesz te\u017c w pierwszej kolejno\u015bci otrzymywa\u0107 dost\u0119p do naszych merytorycznych publikacji.<\/p>\n\n\n<div class=\"gb-grid-wrapper gb-grid-wrapper-8cefe264\">\n<div class=\"gb-grid-column gb-grid-column-fb4681b7\"><div class=\"gb-container gb-container-fb4681b7\"><div class=\"gb-inside-container\"><\/div><\/div><\/div>\n\n<div class=\"gb-grid-column gb-grid-column-01bb63eb\"><div class=\"gb-container gb-container-01bb63eb\"><div class=\"gb-inside-container\">\n<div class=\"gb-button-wrapper gb-button-wrapper-e88a935f\">\n\n<a class=\"gb-button gb-button-960a10d0 gb-button-text\" href=\"https:\/\/dashboard.mailerlite.com\/forms\/260304\/77907644293055687\/share\" rel=\"nofollow\">Zapisuj\u0119 si\u0119<\/a>\n\n<\/div>\n<\/div><\/div><\/div>\n\n<div class=\"gb-grid-column gb-grid-column-aadee699\"><div class=\"gb-container gb-container-aadee699\"><div class=\"gb-inside-container\"><\/div><\/div><\/div>\n<\/div>\n<\/div><\/div>\n<\/div><\/div>\n\n<div class=\"gb-container gb-container-411aadd5\">\n\n<div class=\"wp-block-columns is-layout-flex wp-container-core-columns-is-layout-9d6595d7 wp-block-columns-is-layout-flex\">\n<div class=\"wp-block-column is-layout-flow wp-block-column-is-layout-flow\" style=\"flex-basis:100%\"><ul class=\"wp-block-latest-posts__list aligncenter wp-block-latest-posts\"><li><a class=\"wp-block-latest-posts__post-title\" href=\"https:\/\/poland.fashionrevolution.org\/pt\/tydzien-fashion-revolution-15-24-kwietnia-2024\/\">TYDZIE\u0143 FASHION REVOLUTION 15-24 KWIETNIA 2024<\/a><\/li>\n<li><a class=\"wp-block-latest-posts__post-title\" href=\"https:\/\/poland.fashionrevolution.org\/pt\/greenwashing-w-branzy-mody\/\">Greenwashing w bran\u017cy mody (i poza ni\u0105)<\/a><\/li>\n<li><a class=\"wp-block-latest-posts__post-title\" href=\"https:\/\/poland.fashionrevolution.org\/pt\/swiadomosc-ekologiczna-psuje-dobra-zabawe-kolorowanka-edukacyjna-dla-doroslych\/\">\u201e\u015awiadomo\u015b\u0107 ekologiczna psuje dobr\u0105 zabaw\u0119\u201dkolorowanka edukacyjna dla doros\u0142ych<\/a><\/li>\n<li><a class=\"wp-block-latest-posts__post-title\" href=\"https:\/\/poland.fashionrevolution.org\/pt\/client-earth-greenwashing\/\">Komentarz Client Earth<\/a><\/li>\n<li><a class=\"wp-block-latest-posts__post-title\" href=\"https:\/\/poland.fashionrevolution.org\/pt\/10-lat-modowej-rewolucji-tydzien-fashion-revolution-2023\/\">10 lat modowej rewolucji. Tydzie\u0144 Fashion Revolution 2023<\/a><\/li>\n<\/ul><\/div>\n<\/div>\n\n<\/div>\n\n\n<h2 class=\"wp-block-heading has-text-align-center\">najbli\u017cszE wydarzeniA<\/h2>\n\n\n\n<div class=\"wp-block-group has-white-background-color has-background\"><div class=\"wp-block-group__inner-container is-layout-constrained wp-block-group-is-layout-constrained\">\n\n<\/div><\/div>\n\n\n<div class=\"gb-container gb-container-fb22f110\">\n<div class=\"gb-container gb-container-bb1dd2fb\">\n<div class=\"gb-container gb-container-a2847c42\"><\/div>\n<\/div>\n<\/div>\n\n<section class=\"gb-container gb-container-90c11e95\" id=\"donate\"><div class=\"gb-inside-container\">\n\n<h2 class=\"gb-headline gb-headline-c5bd6fb6 gb-headline-text\">JAK WESPRZE\u0106 FASHION REVOLUTION POLSKA?<\/h2>\n\n\n\n<p>Mo\u017cesz oczywi\u015bcie wesprze\u0107 nas w dzia\u0142aniu. Szczeg\u00f3\u0142y na stronie <a href=\"https:\/\/poland.fashionrevolution.org\/pt\/take-action\/\" data-type=\"page\" data-id=\"24\">Do\u0142\u0105cz<\/a>.<\/p>\n\n\n\n<p class=\"has-text-align-center\">Mo\u017cesz te\u017c przekaza\u0107 nam darowizn\u0119 rzeczow\u0105 lub w formie us\u0142ug.<\/p>\n\n\n\n<p>Zach\u0119camy te\u017c do przekazania darowizn finansowych bezpo\u015brednio na konto stowarzyszenia:<\/p>\n\n\n\n<p>Fashion Revolution Polska&nbsp;<br>nr konta: 11 1600 1462 1861 6420 1000 0001<br>tytu\u0142 przelewu: DAROWIZNA NA CELE STATUTOWE&nbsp;<\/p>\n\n\n\n<p>lub skorzystania z mo\u017cliwo\u015bci wp\u0142aty przez PayPal klikaj\u0105c \u017c\u00f3\u0142ty przycisk poni\u017cej albo korzystaj\u0105 z kodu QR. Kod QR PayPal:<\/p>\n\n\n<div class=\"gb-container gb-container-40101924\"><div class=\"gb-inside-container\">\n\n<div class=\"wp-block-columns is-layout-flex wp-container-core-columns-is-layout-9d6595d7 wp-block-columns-is-layout-flex\">\n<div class=\"wp-block-column is-layout-flow wp-block-column-is-layout-flow\" style=\"flex-basis:35%\"><\/div>\n\n\n\n<div class=\"wp-block-column is-layout-flow wp-block-column-is-layout-flow\" style=\"flex-basis:30%\"><div class=\"wp-block-image\">\n<figure class=\"aligncenter size-full is-resized\"><img loading=\"lazy\" decoding=\"async\" width=\"256\" height=\"256\" src=\"https:\/\/poland.fashionrevolution.org\/wp-content\/uploads\/sites\/23\/2022\/11\/Kod-QR-FRP.png\" alt=\"\" class=\"wp-image-477\" style=\"width:64px;height:64px\" srcset=\"https:\/\/poland.fashionrevolution.org\/wp-content\/uploads\/sites\/23\/2022\/11\/Kod-QR-FRP.png 256w, https:\/\/poland.fashionrevolution.org\/wp-content\/uploads\/sites\/23\/2022\/11\/Kod-QR-FRP-150x150.png 150w, https:\/\/poland.fashionrevolution.org\/wp-content\/uploads\/sites\/23\/2022\/11\/Kod-QR-FRP-12x12.png 12w, https:\/\/poland.fashionrevolution.org\/wp-content\/uploads\/sites\/23\/2022\/11\/Kod-QR-FRP-100x100.png 100w\" sizes=\"auto, (max-width: 256px) 100vw, 256px\" \/><\/figure>\n<\/div><\/div>\n\n\n\n<div class=\"wp-block-column is-layout-flow wp-block-column-is-layout-flow\" style=\"flex-basis:35%\"><\/div>\n<\/div>\n\n<\/div><\/div>\n\n\n<p class=\"has-text-align-center\"><br>Dzi\u0119ki Twojemu wsparciu b\u0119dziemy mogli rozwija\u0107 dzia\u0142ania edukacyjne, aktywistyczne, badawcze i polityczne.<\/p>\n\n\n\n<div class=\"wp-block-buttons is-horizontal is-content-justification-center is-layout-flex wp-container-core-buttons-is-layout-499968f5 wp-block-buttons-is-layout-flex\">\n<div class=\"wp-block-button rounded-btn is-style-fill\"><a class=\"wp-block-button__link has-black-color has-yellow-background-color has-text-color has-background wp-element-button\" href=\"https:\/\/www.paypal.com\/donate\/?hosted_button_id=6LEW9R59WEQT2\" target=\"_blank\" rel=\"noreferrer noopener\">Wp\u0142acam<\/a><\/div>\n<\/div>\n\n<\/div><\/section>\n\n<div class=\"wp-block-image size-full\">\n<figure class=\"aligncenter size-large\"><img loading=\"lazy\" decoding=\"async\" width=\"1024\" height=\"683\" src=\"https:\/\/poland.fashionrevolution.org\/wp-content\/uploads\/sites\/23\/2022\/11\/zespolFashRev2021-4-1024x683.jpg\" alt=\"Zesp\u00f3\u0142 Fashion Revolution Polska\" class=\"wp-image-473\" srcset=\"https:\/\/poland.fashionrevolution.org\/wp-content\/uploads\/sites\/23\/2022\/11\/zespolFashRev2021-4-1024x683.jpg 1024w, https:\/\/poland.fashionrevolution.org\/wp-content\/uploads\/sites\/23\/2022\/11\/zespolFashRev2021-4-300x200.jpg 300w, https:\/\/poland.fashionrevolution.org\/wp-content\/uploads\/sites\/23\/2022\/11\/zespolFashRev2021-4-768x512.jpg 768w, https:\/\/poland.fashionrevolution.org\/wp-content\/uploads\/sites\/23\/2022\/11\/zespolFashRev2021-4-1536x1024.jpg 1536w, https:\/\/poland.fashionrevolution.org\/wp-content\/uploads\/sites\/23\/2022\/11\/zespolFashRev2021-4-2048x1365.jpg 2048w, https:\/\/poland.fashionrevolution.org\/wp-content\/uploads\/sites\/23\/2022\/11\/zespolFashRev2021-4-18x12.jpg 18w, https:\/\/poland.fashionrevolution.org\/wp-content\/uploads\/sites\/23\/2022\/11\/zespolFashRev2021-4-600x400.jpg 600w\" sizes=\"auto, (max-width: 1024px) 100vw, 1024px\" \/><\/figure>\n<\/div>","protected":false},"excerpt":{"rendered":"<p>witaj na stronie fashion revolution polska Na tej stronie znajdziesz nasze najwa\u017cniejsze projekty i zapowiedzi nadchodz\u0105cych wydarze\u0144. Z bloga dowiesz si\u0119 wi\u0119cej o naszych dzia\u0142aniach i przemy\u015bleniach, a w zak\u0142adce o nas poznasz nasz zesp\u00f3\u0142.Poka\u017cemy Ci te\u017c jak do\u0142\u0105czy\u0107 do Fashion Revolution Polska i jak wspiera\u0107 nasze dzia\u0142ania. Zapraszamy do rewolucji! #whomademyclothes najbli\u017cszE wydarzeniA JAK [&hellip;]<\/p>\n","protected":false},"author":1,"featured_media":0,"parent":0,"menu_order":0,"comment_status":"closed","ping_status":"open","template":"","meta":{"footnotes":""},"class_list":["post-2","page","type-page","status-publish","hentry"],"yoast_head":"<!-- This site is optimized with the Yoast SEO plugin v27.4 - https:\/\/yoast.com\/product\/yoast-seo-wordpress\/ -->\n<title>Strona g\u0142\u00f3wna - Fashion Revolution Polska<\/title>\n<meta name=\"description\" content=\"Edukacja, szkolenia, eksperci, raporty. Moda odpowiedzialna i cyrkularna, prawa pracownicze, polska bran\u017ca odzie\u017cowa, projekty badawcze.\" \/>\n<meta name=\"robots\" content=\"index, follow, max-snippet:-1, max-image-preview:large, max-video-preview:-1\" \/>\n<link rel=\"canonical\" href=\"https:\/\/poland.fashionrevolution.org\/pt\/\" \/>\n<meta property=\"og:locale\" content=\"pt_BR\" \/>\n<meta property=\"og:type\" content=\"article\" \/>\n<meta property=\"og:title\" content=\"Strona g\u0142\u00f3wna - Fashion Revolution Polska\" \/>\n<meta property=\"og:description\" content=\"Edukacja, szkolenia, eksperci, raporty. Moda odpowiedzialna i cyrkularna, prawa pracownicze, polska bran\u017ca odzie\u017cowa, projekty badawcze.\" \/>\n<meta property=\"og:url\" content=\"https:\/\/poland.fashionrevolution.org\/pt\/\" \/>\n<meta property=\"og:site_name\" content=\"Fashion Revolution Polska\" \/>\n<meta property=\"article:publisher\" content=\"https:\/\/www.facebook.com\/FashionRevolutionPoland\/\" \/>\n<meta property=\"article:modified_time\" content=\"2024-05-01T08:20:47+00:00\" \/>\n<meta property=\"og:image\" content=\"https:\/\/poland.fashionrevolution.org\/wp-content\/uploads\/sites\/23\/2022\/11\/Kod-QR-FRP.png\" \/>\n<meta name=\"twitter:card\" content=\"summary_large_image\" \/>\n<meta name=\"twitter:label1\" content=\"Est. tempo de leitura\" \/>\n\t<meta name=\"twitter:data1\" content=\"3 minutos\" \/>\n<script type=\"application\/ld+json\" class=\"yoast-schema-graph\">{\"@context\":\"https:\\\/\\\/schema.org\",\"@graph\":[{\"@type\":\"WebPage\",\"@id\":\"https:\\\/\\\/poland.fashionrevolution.org\\\/\",\"url\":\"https:\\\/\\\/poland.fashionrevolution.org\\\/\",\"name\":\"Strona g\u0142\u00f3wna - Fashion Revolution Polska\",\"isPartOf\":{\"@id\":\"https:\\\/\\\/poland.fashionrevolution.org\\\/#website\"},\"primaryImageOfPage\":{\"@id\":\"https:\\\/\\\/poland.fashionrevolution.org\\\/#primaryimage\"},\"image\":{\"@id\":\"https:\\\/\\\/poland.fashionrevolution.org\\\/#primaryimage\"},\"thumbnailUrl\":\"https:\\\/\\\/poland.fashionrevolution.org\\\/wp-content\\\/uploads\\\/sites\\\/23\\\/2022\\\/11\\\/Kod-QR-FRP.png\",\"datePublished\":\"2020-12-17T11:41:13+00:00\",\"dateModified\":\"2024-05-01T08:20:47+00:00\",\"description\":\"Edukacja, szkolenia, eksperci, raporty. Moda odpowiedzialna i cyrkularna, prawa pracownicze, polska bran\u017ca odzie\u017cowa, projekty badawcze.\",\"breadcrumb\":{\"@id\":\"https:\\\/\\\/poland.fashionrevolution.org\\\/#breadcrumb\"},\"inLanguage\":\"pt-BR\",\"potentialAction\":[{\"@type\":\"ReadAction\",\"target\":[\"https:\\\/\\\/poland.fashionrevolution.org\\\/\"]}]},{\"@type\":\"ImageObject\",\"inLanguage\":\"pt-BR\",\"@id\":\"https:\\\/\\\/poland.fashionrevolution.org\\\/#primaryimage\",\"url\":\"https:\\\/\\\/poland.fashionrevolution.org\\\/wp-content\\\/uploads\\\/sites\\\/23\\\/2022\\\/11\\\/Kod-QR-FRP.png\",\"contentUrl\":\"https:\\\/\\\/poland.fashionrevolution.org\\\/wp-content\\\/uploads\\\/sites\\\/23\\\/2022\\\/11\\\/Kod-QR-FRP.png\"},{\"@type\":\"BreadcrumbList\",\"@id\":\"https:\\\/\\\/poland.fashionrevolution.org\\\/#breadcrumb\",\"itemListElement\":[{\"@type\":\"ListItem\",\"position\":1,\"name\":\"Home\",\"item\":\"https:\\\/\\\/poland.fashionrevolution.org\\\/\"},{\"@type\":\"ListItem\",\"position\":2,\"name\":\"Strona g\u0142\u00f3wna\"}]},{\"@type\":\"WebSite\",\"@id\":\"https:\\\/\\\/poland.fashionrevolution.org\\\/#website\",\"url\":\"https:\\\/\\\/poland.fashionrevolution.org\\\/\",\"name\":\"Fashion Revolution Polska\",\"description\":\"Fashion Revolution Polska\",\"publisher\":{\"@id\":\"https:\\\/\\\/poland.fashionrevolution.org\\\/#organization\"},\"potentialAction\":[{\"@type\":\"SearchAction\",\"target\":{\"@type\":\"EntryPoint\",\"urlTemplate\":\"https:\\\/\\\/poland.fashionrevolution.org\\\/?s={search_term_string}\"},\"query-input\":{\"@type\":\"PropertyValueSpecification\",\"valueRequired\":true,\"valueName\":\"search_term_string\"}}],\"inLanguage\":\"pt-BR\"},{\"@type\":\"Organization\",\"@id\":\"https:\\\/\\\/poland.fashionrevolution.org\\\/#organization\",\"name\":\"Fashion Revolution Polska\",\"url\":\"https:\\\/\\\/poland.fashionrevolution.org\\\/\",\"logo\":{\"@type\":\"ImageObject\",\"inLanguage\":\"pt-BR\",\"@id\":\"https:\\\/\\\/poland.fashionrevolution.org\\\/#\\\/schema\\\/logo\\\/image\\\/\",\"url\":\"https:\\\/\\\/poland.fashionrevolution.org\\\/wp-content\\\/uploads\\\/sites\\\/23\\\/2022\\\/11\\\/Logo_Poland-1-uai-258x258-1.jpg\",\"contentUrl\":\"https:\\\/\\\/poland.fashionrevolution.org\\\/wp-content\\\/uploads\\\/sites\\\/23\\\/2022\\\/11\\\/Logo_Poland-1-uai-258x258-1.jpg\",\"width\":258,\"height\":258,\"caption\":\"Fashion Revolution Polska\"},\"image\":{\"@id\":\"https:\\\/\\\/poland.fashionrevolution.org\\\/#\\\/schema\\\/logo\\\/image\\\/\"},\"sameAs\":[\"https:\\\/\\\/www.facebook.com\\\/FashionRevolutionPoland\\\/\",\"https:\\\/\\\/www.instagram.com\\\/fash_revpoland\\\/\"]}]}<\/script>\n<!-- \/ Yoast SEO plugin. -->","yoast_head_json":{"title":"Strona g\u0142\u00f3wna - Fashion Revolution Polska","description":"Edukacja, szkolenia, eksperci, raporty. Moda odpowiedzialna i cyrkularna, prawa pracownicze, polska bran\u017ca odzie\u017cowa, projekty badawcze.","robots":{"index":"index","follow":"follow","max-snippet":"max-snippet:-1","max-image-preview":"max-image-preview:large","max-video-preview":"max-video-preview:-1"},"canonical":"https:\/\/poland.fashionrevolution.org\/pt\/","og_locale":"pt_BR","og_type":"article","og_title":"Strona g\u0142\u00f3wna - Fashion Revolution Polska","og_description":"Edukacja, szkolenia, eksperci, raporty. Moda odpowiedzialna i cyrkularna, prawa pracownicze, polska bran\u017ca odzie\u017cowa, projekty badawcze.","og_url":"https:\/\/poland.fashionrevolution.org\/pt\/","og_site_name":"Fashion Revolution Polska","article_publisher":"https:\/\/www.facebook.com\/FashionRevolutionPoland\/","article_modified_time":"2024-05-01T08:20:47+00:00","og_image":[{"url":"https:\/\/poland.fashionrevolution.org\/wp-content\/uploads\/sites\/23\/2022\/11\/Kod-QR-FRP.png","type":"","width":"","height":""}],"twitter_card":"summary_large_image","twitter_misc":{"Est. tempo de leitura":"3 minutos"},"schema":{"@context":"https:\/\/schema.org","@graph":[{"@type":"WebPage","@id":"https:\/\/poland.fashionrevolution.org\/","url":"https:\/\/poland.fashionrevolution.org\/","name":"Strona g\u0142\u00f3wna - Fashion Revolution Polska","isPartOf":{"@id":"https:\/\/poland.fashionrevolution.org\/#website"},"primaryImageOfPage":{"@id":"https:\/\/poland.fashionrevolution.org\/#primaryimage"},"image":{"@id":"https:\/\/poland.fashionrevolution.org\/#primaryimage"},"thumbnailUrl":"https:\/\/poland.fashionrevolution.org\/wp-content\/uploads\/sites\/23\/2022\/11\/Kod-QR-FRP.png","datePublished":"2020-12-17T11:41:13+00:00","dateModified":"2024-05-01T08:20:47+00:00","description":"Edukacja, szkolenia, eksperci, raporty. Moda odpowiedzialna i cyrkularna, prawa pracownicze, polska bran\u017ca odzie\u017cowa, projekty badawcze.","breadcrumb":{"@id":"https:\/\/poland.fashionrevolution.org\/#breadcrumb"},"inLanguage":"pt-BR","potentialAction":[{"@type":"ReadAction","target":["https:\/\/poland.fashionrevolution.org\/"]}]},{"@type":"ImageObject","inLanguage":"pt-BR","@id":"https:\/\/poland.fashionrevolution.org\/#primaryimage","url":"https:\/\/poland.fashionrevolution.org\/wp-content\/uploads\/sites\/23\/2022\/11\/Kod-QR-FRP.png","contentUrl":"https:\/\/poland.fashionrevolution.org\/wp-content\/uploads\/sites\/23\/2022\/11\/Kod-QR-FRP.png"},{"@type":"BreadcrumbList","@id":"https:\/\/poland.fashionrevolution.org\/#breadcrumb","itemListElement":[{"@type":"ListItem","position":1,"name":"Home","item":"https:\/\/poland.fashionrevolution.org\/"},{"@type":"ListItem","position":2,"name":"Strona g\u0142\u00f3wna"}]},{"@type":"WebSite","@id":"https:\/\/poland.fashionrevolution.org\/#website","url":"https:\/\/poland.fashionrevolution.org\/","name":"Fashion Revolution Polska","description":"Fashion Revolution Polska","publisher":{"@id":"https:\/\/poland.fashionrevolution.org\/#organization"},"potentialAction":[{"@type":"SearchAction","target":{"@type":"EntryPoint","urlTemplate":"https:\/\/poland.fashionrevolution.org\/?s={search_term_string}"},"query-input":{"@type":"PropertyValueSpecification","valueRequired":true,"valueName":"search_term_string"}}],"inLanguage":"pt-BR"},{"@type":"Organization","@id":"https:\/\/poland.fashionrevolution.org\/#organization","name":"Fashion Revolution Polska","url":"https:\/\/poland.fashionrevolution.org\/","logo":{"@type":"ImageObject","inLanguage":"pt-BR","@id":"https:\/\/poland.fashionrevolution.org\/#\/schema\/logo\/image\/","url":"https:\/\/poland.fashionrevolution.org\/wp-content\/uploads\/sites\/23\/2022\/11\/Logo_Poland-1-uai-258x258-1.jpg","contentUrl":"https:\/\/poland.fashionrevolution.org\/wp-content\/uploads\/sites\/23\/2022\/11\/Logo_Poland-1-uai-258x258-1.jpg","width":258,"height":258,"caption":"Fashion Revolution Polska"},"image":{"@id":"https:\/\/poland.fashionrevolution.org\/#\/schema\/logo\/image\/"},"sameAs":["https:\/\/www.facebook.com\/FashionRevolutionPoland\/","https:\/\/www.instagram.com\/fash_revpoland\/"]}]}},"_links":{"self":[{"href":"https:\/\/poland.fashionrevolution.org\/pt\/wp-json\/wp\/v2\/pages\/2","targetHints":{"allow":["GET"]}}],"collection":[{"href":"https:\/\/poland.fashionrevolution.org\/pt\/wp-json\/wp\/v2\/pages"}],"about":[{"href":"https:\/\/poland.fashionrevolution.org\/pt\/wp-json\/wp\/v2\/types\/page"}],"author":[{"embeddable":true,"href":"https:\/\/poland.fashionrevolution.org\/pt\/wp-json\/wp\/v2\/users\/1"}],"replies":[{"embeddable":true,"href":"https:\/\/poland.fashionrevolution.org\/pt\/wp-json\/wp\/v2\/comments?post=2"}],"version-history":[{"count":86,"href":"https:\/\/poland.fashionrevolution.org\/pt\/wp-json\/wp\/v2\/pages\/2\/revisions"}],"predecessor-version":[{"id":1135,"href":"https:\/\/poland.fashionrevolution.org\/pt\/wp-json\/wp\/v2\/pages\/2\/revisions\/1135"}],"wp:attachment":[{"href":"https:\/\/poland.fashionrevolution.org\/pt\/wp-json\/wp\/v2\/media?parent=2"}],"curies":[{"name":"wp","href":"https:\/\/api.w.org\/{rel}","templated":true}]}}