{"id":226,"date":"2021-03-16T17:16:25","date_gmt":"2021-03-16T20:16:25","guid":{"rendered":"http:\/\/poland.frmicrosites.autonomic.zone\/?page_id=226"},"modified":"2021-08-18T13:53:46","modified_gmt":"2021-08-18T16:53:46","slug":"brazil-team","status":"publish","type":"page","link":"https:\/\/poland.fashionrevolution.org\/pt\/brazil-team\/","title":{"rendered":"brazil-team"},"content":{"rendered":"<h2 class=\"gb-headline gb-headline-dc87679b gb-headline-text\">Brazil Team<\/h2>\n\n\n<div class=\"gb-container gb-container-d7148379\"><div class=\"gb-inside-container\">\n\n<h3 class=\"gb-headline gb-headline-0cbea435 gb-headline-text\">Equipe N\u00facleo<\/h3>\n\n\n<div class=\"gb-grid-wrapper gb-grid-wrapper-b502cf72\">\n<div class=\"gb-grid-column gb-grid-column-5c9b8818\"><div class=\"gb-container gb-container-5c9b8818\"><div class=\"gb-inside-container\">\n\n<figure class=\"wp-block-image size-large is-resized is-style-rounded\"><img loading=\"lazy\" decoding=\"async\" src=\"https:\/\/poland.frmicrosites.autonomic.zone\/wp-content\/uploads\/sites\/23\/2021\/03\/feh.simon-Feh-Simon.png\" alt=\"\" class=\"wp-image-229\" width=\"214\" height=\"217\" \/><\/figure>\n\n<\/div><\/div><\/div>\n\n<div class=\"gb-grid-column gb-grid-column-5ea2b3a0\"><div class=\"gb-container gb-container-5ea2b3a0\"><div class=\"gb-inside-container\">\n\n<p><strong>Nome:<\/strong> Fernanda Simon<br><strong>Fun\u00e7\u00e3o:<\/strong> Diretora Executiva<br><strong>Bio:<\/strong> Fernanda estudou moda na Faculdade Santa Marcelina, mas foi na Inglaterra que iniciou sua carreira com sustentabilidade, h\u00e1 mais de 10 anos, trabalhando com profissionais pioneiros como Jocelyn Whipple. Fernanda foi respons\u00e1vel por trazer o Fashion Revolution para o Brasil, o qual hoje est\u00e1 estabelecido como Instituto e Fernanda \u00e9 diretora executiva. Foi nomeada como a primeira editora contribuinte de sustentabilidade da Vogue Brasil e atua no cargo h\u00e1 um ano.<br><strong>Email:<\/strong> brasil@fashionrevolution.org<br><strong>Cidade:<\/strong> S\u00e3o Paulo &#8211; SP<br><strong>Idioma:<\/strong> Portugu\u00eas e Ingl\u00eas<\/p>\n\n\n<div class=\"gb-grid-wrapper gb-grid-wrapper-e1833458\">\n<div class=\"gb-grid-column gb-grid-column-c744f686\"><div class=\"gb-container gb-container-c744f686\"><div class=\"gb-inside-container\">\n\n<div class=\"wp-block-image is-style-default\"><figure class=\"aligncenter size-large is-resized\"><a href=\"https:\/\/www.instagram.com\/feh_simon\/\"><img loading=\"lazy\" decoding=\"async\" src=\"http:\/\/poland.frmicrosites.autonomic.zone\/wp-content\/uploads\/sites\/23\/2021\/03\/instagram-1.png\" alt=\"\" class=\"wp-image-232\" width=\"32\" height=\"32\" srcset=\"https:\/\/poland.fashionrevolution.org\/wp-content\/uploads\/sites\/23\/2021\/03\/instagram-1.png 64w, https:\/\/poland.fashionrevolution.org\/wp-content\/uploads\/sites\/23\/2021\/03\/instagram-1-12x12.png 12w\" sizes=\"auto, (max-width: 32px) 100vw, 32px\" \/><\/a><\/figure><\/div>\n\n<\/div><\/div><\/div>\n\n<div class=\"gb-grid-column gb-grid-column-4c84d439\"><div class=\"gb-container gb-container-4c84d439\"><div class=\"gb-inside-container\">\n\n<div class=\"wp-block-image is-style-default\"><figure class=\"aligncenter size-large\"><a href=\"https:\/\/www.linkedin.com\/in\/fernanda-simon-50612010a\/\"><img loading=\"lazy\" decoding=\"async\" width=\"32\" height=\"32\" src=\"http:\/\/poland.frmicrosites.autonomic.zone\/wp-content\/uploads\/sites\/23\/2021\/03\/logotipo-do-linkedin.png\" alt=\"\" class=\"wp-image-233\" srcset=\"https:\/\/poland.fashionrevolution.org\/wp-content\/uploads\/sites\/23\/2021\/03\/logotipo-do-linkedin.png 32w, https:\/\/poland.fashionrevolution.org\/wp-content\/uploads\/sites\/23\/2021\/03\/logotipo-do-linkedin-12x12.png 12w\" sizes=\"auto, (max-width: 32px) 100vw, 32px\" \/><\/a><\/figure><\/div>\n\n<\/div><\/div><\/div>\n<\/div>\n<\/div><\/div><\/div>\n<\/div>\n\n<div class=\"gb-grid-wrapper gb-grid-wrapper-c5f8d8f4\">\n<div class=\"gb-grid-column gb-grid-column-abbe62fb\"><div class=\"gb-container gb-container-abbe62fb\"><div class=\"gb-inside-container\">\n\n<figure class=\"wp-block-image size-large is-resized is-style-rounded\"><img loading=\"lazy\" decoding=\"async\" src=\"https:\/\/poland.frmicrosites.autonomic.zone\/wp-content\/uploads\/sites\/23\/2021\/03\/Photo-Fashion-Revolution-Brasil.jpg\" alt=\"\" class=\"wp-image-237\" width=\"213\" height=\"221\" srcset=\"https:\/\/poland.fashionrevolution.org\/wp-content\/uploads\/sites\/23\/2021\/03\/Photo-Fashion-Revolution-Brasil.jpg 760w, https:\/\/poland.fashionrevolution.org\/wp-content\/uploads\/sites\/23\/2021\/03\/Photo-Fashion-Revolution-Brasil-289x300.jpg 289w, https:\/\/poland.fashionrevolution.org\/wp-content\/uploads\/sites\/23\/2021\/03\/Photo-Fashion-Revolution-Brasil-12x12.jpg 12w\" sizes=\"auto, (max-width: 213px) 100vw, 213px\" \/><\/figure>\n\n<\/div><\/div><\/div>\n\n<div class=\"gb-grid-column gb-grid-column-7d121a95\"><div class=\"gb-container gb-container-7d121a95\"><div class=\"gb-inside-container\">\n\n<p><strong>Nome:<\/strong> Isabella Luglio<br><strong>Fun\u00e7\u00e3o:<\/strong> Gestora de projetos e articuladora educacional<br><strong>Bio:<\/strong> Apaixonada pelas hist\u00f3rias que existem por tr\u00e1s das roupas, Isabella \u00e9 articuladora da rede educacional FR e realiza a gest\u00e3o de projetos como o \u00cdndice de Transpar\u00eancia da Moda. \u00c9 formada em Design de Moda pela FAAP e p\u00f3s-graduada em Design Sustent\u00e1vel pelo Fashion Institute of Technology.<br><strong>Email:<\/strong> frd.edu.2@gmail.com<br><strong>Cidade:<\/strong> S\u00e3o Paulo &#8211; SP<br><strong>Idioma:<\/strong> Portugu\u00eas, Ingl\u00eas e Franc\u00eas<\/p>\n\n\n<div class=\"gb-grid-wrapper gb-grid-wrapper-154ce4fc\">\n<div class=\"gb-grid-column gb-grid-column-f9fa3158\"><div class=\"gb-container gb-container-f9fa3158\"><div class=\"gb-inside-container\">\n\n<div class=\"wp-block-image is-style-default\"><figure class=\"aligncenter size-large is-resized\"><a href=\"https:\/\/www.instagram.com\/iluglio\/\"><img loading=\"lazy\" decoding=\"async\" src=\"http:\/\/poland.frmicrosites.autonomic.zone\/wp-content\/uploads\/sites\/23\/2021\/03\/instagram-1.png\" alt=\"\" class=\"wp-image-232\" width=\"32\" height=\"32\" srcset=\"https:\/\/poland.fashionrevolution.org\/wp-content\/uploads\/sites\/23\/2021\/03\/instagram-1.png 64w, https:\/\/poland.fashionrevolution.org\/wp-content\/uploads\/sites\/23\/2021\/03\/instagram-1-12x12.png 12w\" sizes=\"auto, (max-width: 32px) 100vw, 32px\" \/><\/a><\/figure><\/div>\n\n<\/div><\/div><\/div>\n\n<div class=\"gb-grid-column gb-grid-column-90db5721\"><div class=\"gb-container gb-container-90db5721\"><div class=\"gb-inside-container\">\n\n<div class=\"wp-block-image is-style-default\"><figure class=\"aligncenter size-large\"><a href=\"https:\/\/www.linkedin.com\/in\/isabellaluglio\/\"><img loading=\"lazy\" decoding=\"async\" width=\"32\" height=\"32\" src=\"http:\/\/poland.frmicrosites.autonomic.zone\/wp-content\/uploads\/sites\/23\/2021\/03\/logotipo-do-linkedin.png\" alt=\"\" class=\"wp-image-233\" srcset=\"https:\/\/poland.fashionrevolution.org\/wp-content\/uploads\/sites\/23\/2021\/03\/logotipo-do-linkedin.png 32w, https:\/\/poland.fashionrevolution.org\/wp-content\/uploads\/sites\/23\/2021\/03\/logotipo-do-linkedin-12x12.png 12w\" sizes=\"auto, (max-width: 32px) 100vw, 32px\" \/><\/a><\/figure><\/div>\n\n<\/div><\/div><\/div>\n<\/div>\n<\/div><\/div><\/div>\n<\/div>\n\n<div class=\"gb-grid-wrapper gb-grid-wrapper-3837159e\">\n<div class=\"gb-grid-column gb-grid-column-82d2652d\"><div class=\"gb-container gb-container-82d2652d\"><div class=\"gb-inside-container\">\n\n<figure class=\"wp-block-image size-large is-resized is-style-rounded\"><img loading=\"lazy\" decoding=\"async\" src=\"https:\/\/poland.frmicrosites.autonomic.zone\/wp-content\/uploads\/sites\/23\/2021\/03\/20210303_204250-Carolina-Terrao-Bolla-edited.jpg\" alt=\"\" class=\"wp-image-244\" width=\"215\" height=\"211\" srcset=\"https:\/\/poland.fashionrevolution.org\/wp-content\/uploads\/sites\/23\/2021\/03\/20210303_204250-Carolina-Terrao-Bolla-edited.jpg 613w, https:\/\/poland.fashionrevolution.org\/wp-content\/uploads\/sites\/23\/2021\/03\/20210303_204250-Carolina-Terrao-Bolla-edited-300x296.jpg 300w, https:\/\/poland.fashionrevolution.org\/wp-content\/uploads\/sites\/23\/2021\/03\/20210303_204250-Carolina-Terrao-Bolla-edited-12x12.jpg 12w\" sizes=\"auto, (max-width: 215px) 100vw, 215px\" \/><\/figure>\n\n<\/div><\/div><\/div>\n\n<div class=\"gb-grid-column gb-grid-column-38b850e4\"><div class=\"gb-container gb-container-38b850e4\"><div class=\"gb-inside-container\">\n\n<p><strong>Nome:<\/strong> Carolina Teer\u00e3o Bolla<br><strong>Fun\u00e7\u00e3o:<\/strong> Advogada<br><strong>Bio:<\/strong> Advogada. Especialista em Direito do Consumidor, Civil, Processo Civil, Direitos Difusos e Coletivos.<br><strong>Email:<\/strong> frd.juridico@gmail.com<br><strong>Cidade:<\/strong> S\u00e3o Paulo &#8211; SP<br><strong>Idioma:<\/strong> Portugu\u00eas e Ingl\u00eas<\/p>\n\n\n<div class=\"gb-grid-wrapper gb-grid-wrapper-02c495c7\">\n<div class=\"gb-grid-column gb-grid-column-40263826\"><div class=\"gb-container gb-container-40263826\"><div class=\"gb-inside-container\">\n\n<div class=\"wp-block-image is-style-default\"><figure class=\"aligncenter size-large is-resized\"><a href=\"https:\/\/www.instagram.com\/invites\/contact\/?i=15vcya8doguqr&amp;utm_content=t73lf\"><img loading=\"lazy\" decoding=\"async\" src=\"http:\/\/poland.frmicrosites.autonomic.zone\/wp-content\/uploads\/sites\/23\/2021\/03\/instagram-1.png\" alt=\"\" class=\"wp-image-232\" width=\"32\" height=\"32\" srcset=\"https:\/\/poland.fashionrevolution.org\/wp-content\/uploads\/sites\/23\/2021\/03\/instagram-1.png 64w, https:\/\/poland.fashionrevolution.org\/wp-content\/uploads\/sites\/23\/2021\/03\/instagram-1-12x12.png 12w\" sizes=\"auto, (max-width: 32px) 100vw, 32px\" \/><\/a><\/figure><\/div>\n\n<\/div><\/div><\/div>\n\n<div class=\"gb-grid-column gb-grid-column-c97c4de1\"><div class=\"gb-container gb-container-c97c4de1\"><div class=\"gb-inside-container\">\n\n<div class=\"wp-block-image is-style-default\"><figure class=\"aligncenter size-large\"><a href=\"https:\/\/www.facebook.com\/carolina.terraobolla.1\"><img loading=\"lazy\" decoding=\"async\" width=\"32\" height=\"32\" src=\"http:\/\/poland.frmicrosites.autonomic.zone\/wp-content\/uploads\/sites\/23\/2021\/03\/facebook-2.png\" alt=\"\" class=\"wp-image-246\" srcset=\"https:\/\/poland.fashionrevolution.org\/wp-content\/uploads\/sites\/23\/2021\/03\/facebook-2.png 32w, https:\/\/poland.fashionrevolution.org\/wp-content\/uploads\/sites\/23\/2021\/03\/facebook-2-12x12.png 12w\" sizes=\"auto, (max-width: 32px) 100vw, 32px\" \/><\/a><\/figure><\/div>\n\n<\/div><\/div><\/div>\n<\/div>\n<\/div><\/div><\/div>\n<\/div>\n\n<div class=\"gb-grid-wrapper gb-grid-wrapper-aba5290e\">\n<div class=\"gb-grid-column gb-grid-column-941f6da8\"><div class=\"gb-container gb-container-941f6da8\"><div class=\"gb-inside-container\">\n\n<figure class=\"wp-block-image size-full is-resized is-style-rounded\"><img loading=\"lazy\" decoding=\"async\" src=\"https:\/\/poland.frmicrosites.autonomic.zone\/wp-content\/uploads\/sites\/23\/2021\/08\/Taya-Taya-Nicaccio-1.jpeg\" alt=\"\" class=\"wp-image-330\" width=\"215\" height=\"215\" srcset=\"https:\/\/poland.fashionrevolution.org\/wp-content\/uploads\/sites\/23\/2021\/08\/Taya-Taya-Nicaccio-1.jpeg 971w, https:\/\/poland.fashionrevolution.org\/wp-content\/uploads\/sites\/23\/2021\/08\/Taya-Taya-Nicaccio-1-300x300.jpeg 300w, https:\/\/poland.fashionrevolution.org\/wp-content\/uploads\/sites\/23\/2021\/08\/Taya-Taya-Nicaccio-1-150x150.jpeg 150w, https:\/\/poland.fashionrevolution.org\/wp-content\/uploads\/sites\/23\/2021\/08\/Taya-Taya-Nicaccio-1-768x768.jpeg 768w, https:\/\/poland.fashionrevolution.org\/wp-content\/uploads\/sites\/23\/2021\/08\/Taya-Taya-Nicaccio-1-12x12.jpeg 12w\" sizes=\"auto, (max-width: 215px) 100vw, 215px\" \/><\/figure>\n\n<\/div><\/div><\/div>\n\n<div class=\"gb-grid-column gb-grid-column-573fade4\"><div class=\"gb-container gb-container-573fade4\"><div class=\"gb-inside-container\">\n\n<p><strong>Nome:<\/strong> Carolina Taya Nicaccio<br><strong>Fun\u00e7\u00e3o:<\/strong> Estagi\u00e1ria na equipe de Comunica\u00e7\u00e3o e integrante do Comit\u00ea Racial Fashion Revolution Brasil.<br><strong>Bio:<\/strong> Taya Nicaccio \u00e9 graduanda de Moda na Faculdade FMU\/FIAM-FAAM e t\u00e9cnica em Modelagem do Vestu\u00e1rio pela Etec Tiquatira. Atua como modelo, integrante da equipe de Comunica\u00e7\u00e3o e do Comit\u00ea Racial no Instituto Fashion Revolution. Taya busca atrav\u00e9s da moda e da escrita revolucionar o cen\u00e1rio, buscando por novos caminhos, e construindo novas narrativas que contemplem uma moda mais justa \u2013 para todes \u2013 e abrace a pluralidade da mulher negra.<br><strong>Email:<\/strong> comunicacaofr.taya@gmail.com<br><strong>Cidade:<\/strong> S\u00e3o Paulo &#8211; SP<br><strong>Idioma:<\/strong> Portugu\u00eas<\/p>\n\n\n<div class=\"gb-grid-wrapper gb-grid-wrapper-7af09cd7\">\n<div class=\"gb-grid-column gb-grid-column-71377ef0\"><div class=\"gb-container gb-container-71377ef0\"><div class=\"gb-inside-container\">\n\n<div class=\"wp-block-image is-style-default\"><figure class=\"aligncenter size-large is-resized\"><a href=\"https:\/\/www.instagram.com\/tayanicaccio\/\"><img loading=\"lazy\" decoding=\"async\" src=\"http:\/\/poland.frmicrosites.autonomic.zone\/wp-content\/uploads\/sites\/23\/2021\/03\/instagram-1.png\" alt=\"\" class=\"wp-image-232\" width=\"32\" height=\"32\" srcset=\"https:\/\/poland.fashionrevolution.org\/wp-content\/uploads\/sites\/23\/2021\/03\/instagram-1.png 64w, https:\/\/poland.fashionrevolution.org\/wp-content\/uploads\/sites\/23\/2021\/03\/instagram-1-12x12.png 12w\" sizes=\"auto, (max-width: 32px) 100vw, 32px\" \/><\/a><\/figure><\/div>\n\n<\/div><\/div><\/div>\n\n<div class=\"gb-grid-column gb-grid-column-43ca2c8d\"><div class=\"gb-container gb-container-43ca2c8d\"><div class=\"gb-inside-container\">\n\n<div class=\"wp-block-image is-style-default\"><figure class=\"aligncenter size-full is-resized\"><a href=\"https:\/\/linktr.ee\/tayanicaccio\" target=\"_blank\" rel=\"noopener\"><img loading=\"lazy\" decoding=\"async\" src=\"https:\/\/poland.frmicrosites.autonomic.zone\/wp-content\/uploads\/sites\/23\/2021\/08\/b4361ea109d9793bcf8585a9670a1d56.png\" alt=\"\" class=\"wp-image-334\" width=\"40\" height=\"40\" srcset=\"https:\/\/poland.fashionrevolution.org\/wp-content\/uploads\/sites\/23\/2021\/08\/b4361ea109d9793bcf8585a9670a1d56.png 256w, https:\/\/poland.fashionrevolution.org\/wp-content\/uploads\/sites\/23\/2021\/08\/b4361ea109d9793bcf8585a9670a1d56-150x150.png 150w, https:\/\/poland.fashionrevolution.org\/wp-content\/uploads\/sites\/23\/2021\/08\/b4361ea109d9793bcf8585a9670a1d56-12x12.png 12w\" sizes=\"auto, (max-width: 40px) 100vw, 40px\" \/><\/a><\/figure><\/div>\n\n<\/div><\/div><\/div>\n<\/div>\n<\/div><\/div><\/div>\n<\/div>\n<\/div><\/div>\n\n\n<p><\/p>","protected":false},"excerpt":{"rendered":"<p>Brazil Team Equipe N\u00facleo<\/p>","protected":false},"author":3,"featured_media":0,"parent":0,"menu_order":0,"comment_status":"closed","ping_status":"closed","template":"","meta":{"footnotes":""},"class_list":["post-226","page","type-page","status-publish","hentry"],"yoast_head":"<!-- This site is optimized with the Yoast SEO plugin v27.3 - https:\/\/yoast.com\/product\/yoast-seo-wordpress\/ -->\n<title>brazil-team - Fashion Revolution Polska<\/title>\n<meta name=\"robots\" content=\"index, follow, max-snippet:-1, max-image-preview:large, max-video-preview:-1\" \/>\n<link rel=\"canonical\" href=\"https:\/\/poland.fashionrevolution.org\/pt\/brazil-team\/\" \/>\n<meta property=\"og:locale\" content=\"pt_BR\" \/>\n<meta property=\"og:type\" content=\"article\" \/>\n<meta property=\"og:title\" content=\"brazil-team - Fashion Revolution Polska\" \/>\n<meta property=\"og:description\" content=\"Brazil Team Equipe N\u00facleo\" \/>\n<meta property=\"og:url\" content=\"https:\/\/poland.fashionrevolution.org\/pt\/brazil-team\/\" \/>\n<meta property=\"og:site_name\" content=\"Fashion Revolution Polska\" \/>\n<meta property=\"article:publisher\" content=\"https:\/\/www.facebook.com\/FashionRevolutionPoland\/\" \/>\n<meta property=\"article:modified_time\" content=\"2021-08-18T16:53:46+00:00\" \/>\n<meta property=\"og:image\" content=\"https:\/\/poland.frmicrosites.autonomic.zone\/wp-content\/uploads\/sites\/23\/2021\/03\/feh.simon-Feh-Simon.png\" \/>\n<meta name=\"twitter:card\" content=\"summary_large_image\" \/>\n<meta name=\"twitter:label1\" content=\"Est. tempo de leitura\" \/>\n\t<meta name=\"twitter:data1\" content=\"2 minutos\" \/>\n<script type=\"application\/ld+json\" class=\"yoast-schema-graph\">{\"@context\":\"https:\\\/\\\/schema.org\",\"@graph\":[{\"@type\":\"WebPage\",\"@id\":\"https:\\\/\\\/poland.fashionrevolution.org\\\/brazil-team\\\/\",\"url\":\"https:\\\/\\\/poland.fashionrevolution.org\\\/brazil-team\\\/\",\"name\":\"brazil-team - Fashion Revolution Polska\",\"isPartOf\":{\"@id\":\"https:\\\/\\\/poland.fashionrevolution.org\\\/#website\"},\"primaryImageOfPage\":{\"@id\":\"https:\\\/\\\/poland.fashionrevolution.org\\\/brazil-team\\\/#primaryimage\"},\"image\":{\"@id\":\"https:\\\/\\\/poland.fashionrevolution.org\\\/brazil-team\\\/#primaryimage\"},\"thumbnailUrl\":\"https:\\\/\\\/poland.frmicrosites.autonomic.zone\\\/wp-content\\\/uploads\\\/sites\\\/23\\\/2021\\\/03\\\/feh.simon-Feh-Simon.png\",\"datePublished\":\"2021-03-16T20:16:25+00:00\",\"dateModified\":\"2021-08-18T16:53:46+00:00\",\"breadcrumb\":{\"@id\":\"https:\\\/\\\/poland.fashionrevolution.org\\\/brazil-team\\\/#breadcrumb\"},\"inLanguage\":\"pt-BR\",\"potentialAction\":[{\"@type\":\"ReadAction\",\"target\":[\"https:\\\/\\\/poland.fashionrevolution.org\\\/brazil-team\\\/\"]}]},{\"@type\":\"ImageObject\",\"inLanguage\":\"pt-BR\",\"@id\":\"https:\\\/\\\/poland.fashionrevolution.org\\\/brazil-team\\\/#primaryimage\",\"url\":\"https:\\\/\\\/poland.frmicrosites.autonomic.zone\\\/wp-content\\\/uploads\\\/sites\\\/23\\\/2021\\\/03\\\/feh.simon-Feh-Simon.png\",\"contentUrl\":\"https:\\\/\\\/poland.frmicrosites.autonomic.zone\\\/wp-content\\\/uploads\\\/sites\\\/23\\\/2021\\\/03\\\/feh.simon-Feh-Simon.png\"},{\"@type\":\"BreadcrumbList\",\"@id\":\"https:\\\/\\\/poland.fashionrevolution.org\\\/brazil-team\\\/#breadcrumb\",\"itemListElement\":[{\"@type\":\"ListItem\",\"position\":1,\"name\":\"Home\",\"item\":\"https:\\\/\\\/poland.fashionrevolution.org\\\/\"},{\"@type\":\"ListItem\",\"position\":2,\"name\":\"brazil-team\"}]},{\"@type\":\"WebSite\",\"@id\":\"https:\\\/\\\/poland.fashionrevolution.org\\\/#website\",\"url\":\"https:\\\/\\\/poland.fashionrevolution.org\\\/\",\"name\":\"Fashion Revolution Polska\",\"description\":\"Fashion Revolution Polska\",\"publisher\":{\"@id\":\"https:\\\/\\\/poland.fashionrevolution.org\\\/#organization\"},\"potentialAction\":[{\"@type\":\"SearchAction\",\"target\":{\"@type\":\"EntryPoint\",\"urlTemplate\":\"https:\\\/\\\/poland.fashionrevolution.org\\\/?s={search_term_string}\"},\"query-input\":{\"@type\":\"PropertyValueSpecification\",\"valueRequired\":true,\"valueName\":\"search_term_string\"}}],\"inLanguage\":\"pt-BR\"},{\"@type\":\"Organization\",\"@id\":\"https:\\\/\\\/poland.fashionrevolution.org\\\/#organization\",\"name\":\"Fashion Revolution Polska\",\"url\":\"https:\\\/\\\/poland.fashionrevolution.org\\\/\",\"logo\":{\"@type\":\"ImageObject\",\"inLanguage\":\"pt-BR\",\"@id\":\"https:\\\/\\\/poland.fashionrevolution.org\\\/#\\\/schema\\\/logo\\\/image\\\/\",\"url\":\"https:\\\/\\\/poland.fashionrevolution.org\\\/wp-content\\\/uploads\\\/sites\\\/23\\\/2022\\\/11\\\/Logo_Poland-1-uai-258x258-1.jpg\",\"contentUrl\":\"https:\\\/\\\/poland.fashionrevolution.org\\\/wp-content\\\/uploads\\\/sites\\\/23\\\/2022\\\/11\\\/Logo_Poland-1-uai-258x258-1.jpg\",\"width\":258,\"height\":258,\"caption\":\"Fashion Revolution Polska\"},\"image\":{\"@id\":\"https:\\\/\\\/poland.fashionrevolution.org\\\/#\\\/schema\\\/logo\\\/image\\\/\"},\"sameAs\":[\"https:\\\/\\\/www.facebook.com\\\/FashionRevolutionPoland\\\/\",\"https:\\\/\\\/www.instagram.com\\\/fash_revpoland\\\/\"]}]}<\/script>\n<!-- \/ Yoast SEO plugin. -->","yoast_head_json":{"title":"brazil-team - Fashion Revolution Polska","robots":{"index":"index","follow":"follow","max-snippet":"max-snippet:-1","max-image-preview":"max-image-preview:large","max-video-preview":"max-video-preview:-1"},"canonical":"https:\/\/poland.fashionrevolution.org\/pt\/brazil-team\/","og_locale":"pt_BR","og_type":"article","og_title":"brazil-team - Fashion Revolution Polska","og_description":"Brazil Team Equipe N\u00facleo","og_url":"https:\/\/poland.fashionrevolution.org\/pt\/brazil-team\/","og_site_name":"Fashion Revolution Polska","article_publisher":"https:\/\/www.facebook.com\/FashionRevolutionPoland\/","article_modified_time":"2021-08-18T16:53:46+00:00","og_image":[{"url":"https:\/\/poland.frmicrosites.autonomic.zone\/wp-content\/uploads\/sites\/23\/2021\/03\/feh.simon-Feh-Simon.png","type":"","width":"","height":""}],"twitter_card":"summary_large_image","twitter_misc":{"Est. tempo de leitura":"2 minutos"},"schema":{"@context":"https:\/\/schema.org","@graph":[{"@type":"WebPage","@id":"https:\/\/poland.fashionrevolution.org\/brazil-team\/","url":"https:\/\/poland.fashionrevolution.org\/brazil-team\/","name":"brazil-team - Fashion Revolution Polska","isPartOf":{"@id":"https:\/\/poland.fashionrevolution.org\/#website"},"primaryImageOfPage":{"@id":"https:\/\/poland.fashionrevolution.org\/brazil-team\/#primaryimage"},"image":{"@id":"https:\/\/poland.fashionrevolution.org\/brazil-team\/#primaryimage"},"thumbnailUrl":"https:\/\/poland.frmicrosites.autonomic.zone\/wp-content\/uploads\/sites\/23\/2021\/03\/feh.simon-Feh-Simon.png","datePublished":"2021-03-16T20:16:25+00:00","dateModified":"2021-08-18T16:53:46+00:00","breadcrumb":{"@id":"https:\/\/poland.fashionrevolution.org\/brazil-team\/#breadcrumb"},"inLanguage":"pt-BR","potentialAction":[{"@type":"ReadAction","target":["https:\/\/poland.fashionrevolution.org\/brazil-team\/"]}]},{"@type":"ImageObject","inLanguage":"pt-BR","@id":"https:\/\/poland.fashionrevolution.org\/brazil-team\/#primaryimage","url":"https:\/\/poland.frmicrosites.autonomic.zone\/wp-content\/uploads\/sites\/23\/2021\/03\/feh.simon-Feh-Simon.png","contentUrl":"https:\/\/poland.frmicrosites.autonomic.zone\/wp-content\/uploads\/sites\/23\/2021\/03\/feh.simon-Feh-Simon.png"},{"@type":"BreadcrumbList","@id":"https:\/\/poland.fashionrevolution.org\/brazil-team\/#breadcrumb","itemListElement":[{"@type":"ListItem","position":1,"name":"Home","item":"https:\/\/poland.fashionrevolution.org\/"},{"@type":"ListItem","position":2,"name":"brazil-team"}]},{"@type":"WebSite","@id":"https:\/\/poland.fashionrevolution.org\/#website","url":"https:\/\/poland.fashionrevolution.org\/","name":"Fashion Revolution Polska","description":"Fashion Revolution Polska","publisher":{"@id":"https:\/\/poland.fashionrevolution.org\/#organization"},"potentialAction":[{"@type":"SearchAction","target":{"@type":"EntryPoint","urlTemplate":"https:\/\/poland.fashionrevolution.org\/?s={search_term_string}"},"query-input":{"@type":"PropertyValueSpecification","valueRequired":true,"valueName":"search_term_string"}}],"inLanguage":"pt-BR"},{"@type":"Organization","@id":"https:\/\/poland.fashionrevolution.org\/#organization","name":"Fashion Revolution Polska","url":"https:\/\/poland.fashionrevolution.org\/","logo":{"@type":"ImageObject","inLanguage":"pt-BR","@id":"https:\/\/poland.fashionrevolution.org\/#\/schema\/logo\/image\/","url":"https:\/\/poland.fashionrevolution.org\/wp-content\/uploads\/sites\/23\/2022\/11\/Logo_Poland-1-uai-258x258-1.jpg","contentUrl":"https:\/\/poland.fashionrevolution.org\/wp-content\/uploads\/sites\/23\/2022\/11\/Logo_Poland-1-uai-258x258-1.jpg","width":258,"height":258,"caption":"Fashion Revolution Polska"},"image":{"@id":"https:\/\/poland.fashionrevolution.org\/#\/schema\/logo\/image\/"},"sameAs":["https:\/\/www.facebook.com\/FashionRevolutionPoland\/","https:\/\/www.instagram.com\/fash_revpoland\/"]}]}},"_links":{"self":[{"href":"https:\/\/poland.fashionrevolution.org\/pt\/wp-json\/wp\/v2\/pages\/226","targetHints":{"allow":["GET"]}}],"collection":[{"href":"https:\/\/poland.fashionrevolution.org\/pt\/wp-json\/wp\/v2\/pages"}],"about":[{"href":"https:\/\/poland.fashionrevolution.org\/pt\/wp-json\/wp\/v2\/types\/page"}],"author":[{"embeddable":true,"href":"https:\/\/poland.fashionrevolution.org\/pt\/wp-json\/wp\/v2\/users\/3"}],"replies":[{"embeddable":true,"href":"https:\/\/poland.fashionrevolution.org\/pt\/wp-json\/wp\/v2\/comments?post=226"}],"version-history":[{"count":31,"href":"https:\/\/poland.fashionrevolution.org\/pt\/wp-json\/wp\/v2\/pages\/226\/revisions"}],"predecessor-version":[{"id":366,"href":"https:\/\/poland.fashionrevolution.org\/pt\/wp-json\/wp\/v2\/pages\/226\/revisions\/366"}],"wp:attachment":[{"href":"https:\/\/poland.fashionrevolution.org\/pt\/wp-json\/wp\/v2\/media?parent=226"}],"curies":[{"name":"wp","href":"https:\/\/api.w.org\/{rel}","templated":true}]}}