{"id":24,"date":"2020-12-28T16:12:44","date_gmt":"2020-12-28T16:12:44","guid":{"rendered":"http:\/\/poland.frmicrosites.autonomic.zone\/?page_id=24"},"modified":"2022-12-15T21:52:24","modified_gmt":"2022-12-15T20:52:24","slug":"dzialaj","status":"publish","type":"page","link":"https:\/\/poland.fashionrevolution.org\/pt\/dzialaj\/","title":{"rendered":"dzia\u0142aj"},"content":{"rendered":"<div class=\"gb-container gb-container-98811745\"><div class=\"gb-inside-container\">\n\n<h2 class=\"has-text-align-center wp-block-heading\">DZIA\u0141AJ Z FASHION REVOLUTION POLSKA<\/h2>\n\n<\/div><\/div>\n\n<div class=\"gb-container gb-container-e1dc47e1\"><div class=\"gb-inside-container\">\n\n<div class=\"wp-block-columns is-layout-flex wp-container-core-columns-is-layout-9d6595d7 wp-block-columns-is-layout-flex\">\n<div class=\"wp-block-column is-layout-flow wp-block-column-is-layout-flow\">\n<figure class=\"wp-block-image size-large\"><img loading=\"lazy\" decoding=\"async\" width=\"683\" height=\"1024\" src=\"https:\/\/poland.fashionrevolution.org\/wp-content\/uploads\/sites\/23\/2022\/11\/Moze-chcesz-dzialac-z-nami-683x1024.png\" alt=\"\" class=\"wp-image-451\" srcset=\"https:\/\/poland.fashionrevolution.org\/wp-content\/uploads\/sites\/23\/2022\/11\/Moze-chcesz-dzialac-z-nami-683x1024.png 683w, https:\/\/poland.fashionrevolution.org\/wp-content\/uploads\/sites\/23\/2022\/11\/Moze-chcesz-dzialac-z-nami-200x300.png 200w, https:\/\/poland.fashionrevolution.org\/wp-content\/uploads\/sites\/23\/2022\/11\/Moze-chcesz-dzialac-z-nami-768x1152.png 768w, https:\/\/poland.fashionrevolution.org\/wp-content\/uploads\/sites\/23\/2022\/11\/Moze-chcesz-dzialac-z-nami-1024x1536.png 1024w, https:\/\/poland.fashionrevolution.org\/wp-content\/uploads\/sites\/23\/2022\/11\/Moze-chcesz-dzialac-z-nami-1366x2048.png 1366w, https:\/\/poland.fashionrevolution.org\/wp-content\/uploads\/sites\/23\/2022\/11\/Moze-chcesz-dzialac-z-nami-8x12.png 8w, https:\/\/poland.fashionrevolution.org\/wp-content\/uploads\/sites\/23\/2022\/11\/Moze-chcesz-dzialac-z-nami-600x900.png 600w, https:\/\/poland.fashionrevolution.org\/wp-content\/uploads\/sites\/23\/2022\/11\/Moze-chcesz-dzialac-z-nami.png 1603w\" sizes=\"auto, (max-width: 683px) 100vw, 683px\" \/><\/figure>\n<\/div>\n\n\n\n<div class=\"wp-block-column is-layout-flow wp-block-column-is-layout-flow\">\n<h3 class=\"has-text-align-center wp-block-heading\">Dzia\u0142aj w swoim mie\u015bcie<\/h3>\n\n\n\n<p class=\"has-text-align-center\">Chcesz dzia\u0142a\u0107 lokalnie?<\/p>\n\n\n\n<p class=\"has-text-align-center\">Pomo\u017cemy Ci zorganizowa\u0107:<\/p>\n\n\n\n<p class=\"has-text-align-center\">&gt; wymiank\u0119 odzie\u017cow\u0105,<br>&gt; projekcj\u0119 filmu The True Cost,<br>&gt; spotkanie z ekspertkami Fashion Revolution,<br>&gt; grup\u0119 szkolnych ambasadorek,<br>&gt; wydarzenia online,<br>&gt; i inne rzeczy, kt\u00f3re sobie wymarzysz!<\/p>\n<\/div>\n\n\n\n<div class=\"wp-block-column is-layout-flow wp-block-column-is-layout-flow\">\n<h3 class=\"has-text-align-center wp-block-heading\">Dzia\u0142aj z nami w skali kraju<\/h3>\n\n\n\n<p class=\"has-text-align-center\">Chcesz realizowa\u0107 projekty o zasi\u0119gu krajowym?<\/p>\n\n\n\n<p class=\"has-text-align-center\">Rozwijaj si\u0119 z nami realizuj\u0105c:<\/p>\n\n\n\n<p class=\"has-text-align-center\">&gt; projekty wydawnicze,<br>&gt; badania,<br>&gt; grafik\u0119,<br>&gt; teksty,<br>&gt; dzia\u0142ania promocyjne,<br>&gt; dzia\u0142ania fundraisingowe,<br>&gt; wsp\u00f3\u0142prac\u0119 z globaln\u0105 sieci\u0105 FR,<br>&gt; i wiele, wiele innych.<\/p>\n<\/div>\n<\/div>\n\n<\/div><\/div>\n\n<div class=\"gb-container gb-container-51ef3b3f\"><div class=\"gb-inside-container\">\n\n<p>Fashion Revolution Polska dzia\u0142a w oparciu o wolontariat. Tylko w przypadku pozyskania finansowania na konkretne projekty jeste\u015bmy w stanie oferowa\u0107 wynagrodzenie osobom w nie zaanga\u017cowanym. Pracujemy nad tym, by to zmieni\u0107! <\/p>\n\n\n\n<h3 class=\"wp-block-heading\">Napisz do nas:<\/h3>\n\n\n\n<p>Wy\u015blij nam maila na poland@fashionrevolution.org albo odezwij si\u0119 na Facebooku lub Instagramie.<\/p>\n\n\n\n<h2 class=\"has-text-align-right wp-block-heading\"><strong>#QuemFezMinhasRoupas<\/strong><\/h2>\n\n<\/div><\/div>\n\n<div class=\"gb-container gb-container-2a6b161e\"><div class=\"gb-inside-container\">\n\n<h3 class=\"gb-headline gb-headline-7a985f38 gb-headline-text\">WESPRZYJ FASHION REVOLUTION POLSKA<\/h3>\n\n\n\n<p class=\"has-text-align-center\">Nie masz czasu na dzia\u0142anie, ale nasze warto\u015bci s\u0105 Ci bliskie? Mo\u017cesz nas wesprze\u0107 darowizn\u0105 na cele statutowe.<\/p>\n\n\n<div class=\"gb-button-wrapper gb-button-wrapper-00a6c06f\">\n\n<a class=\"gb-button gb-button-d7250792 gb-button-text\" href=\"https:\/\/www.paypal.com\/donate\/?hosted_button_id=6LEW9R59WEQT2\">WP\u0141ACAM DAROWIZN\u0118<\/a>\n\n<\/div>\n<\/div><\/div>\n\n\n<div class=\"wp-block-group\"><div class=\"wp-block-group__inner-container is-layout-constrained wp-block-group-is-layout-constrained\"><\/div><\/div>","protected":false},"excerpt":{"rendered":"<p>DZIA\u0141AJ Z FASHION REVOLUTION POLSKA Dzia\u0142aj w swoim mie\u015bcie Chcesz dzia\u0142a\u0107 lokalnie? Pomo\u017cemy Ci zorganizowa\u0107: &gt; wymiank\u0119 odzie\u017cow\u0105,&gt; projekcj\u0119 filmu The True Cost,&gt; spotkanie z ekspertkami Fashion Revolution,&gt; grup\u0119 szkolnych ambasadorek,&gt; wydarzenia online,&gt; i inne rzeczy, kt\u00f3re sobie wymarzysz! Dzia\u0142aj z nami w skali kraju Chcesz realizowa\u0107 projekty o zasi\u0119gu krajowym? Rozwijaj si\u0119 z nami [&hellip;]<\/p>\n","protected":false},"author":1,"featured_media":0,"parent":0,"menu_order":0,"comment_status":"closed","ping_status":"closed","template":"","meta":{"footnotes":""},"class_list":["post-24","page","type-page","status-publish","hentry"],"yoast_head":"<!-- This site is optimized with the Yoast SEO plugin v27.4 - https:\/\/yoast.com\/product\/yoast-seo-wordpress\/ -->\n<title>dzia\u0142aj - Fashion Revolution Polska<\/title>\n<meta name=\"robots\" content=\"index, follow, max-snippet:-1, max-image-preview:large, max-video-preview:-1\" \/>\n<link rel=\"canonical\" href=\"https:\/\/poland.fashionrevolution.org\/pt\/dzialaj\/\" \/>\n<meta property=\"og:locale\" content=\"pt_BR\" \/>\n<meta property=\"og:type\" content=\"article\" \/>\n<meta property=\"og:title\" content=\"dzia\u0142aj - Fashion Revolution Polska\" \/>\n<meta property=\"og:description\" content=\"DZIA\u0141AJ Z FASHION REVOLUTION POLSKA Dzia\u0142aj w swoim mie\u015bcie Chcesz dzia\u0142a\u0107 lokalnie? Pomo\u017cemy Ci zorganizowa\u0107: &gt; wymiank\u0119 odzie\u017cow\u0105,&gt; projekcj\u0119 filmu The True Cost,&gt; spotkanie z ekspertkami Fashion Revolution,&gt; grup\u0119 szkolnych ambasadorek,&gt; wydarzenia online,&gt; i inne rzeczy, kt\u00f3re sobie wymarzysz! Dzia\u0142aj z nami w skali kraju Chcesz realizowa\u0107 projekty o zasi\u0119gu krajowym? Rozwijaj si\u0119 z nami [&hellip;]\" \/>\n<meta property=\"og:url\" content=\"https:\/\/poland.fashionrevolution.org\/pt\/dzialaj\/\" \/>\n<meta property=\"og:site_name\" content=\"Fashion Revolution Polska\" \/>\n<meta property=\"article:publisher\" content=\"https:\/\/www.facebook.com\/FashionRevolutionPoland\/\" \/>\n<meta property=\"article:modified_time\" content=\"2022-12-15T20:52:24+00:00\" \/>\n<meta property=\"og:image\" content=\"https:\/\/poland.fashionrevolution.org\/wp-content\/uploads\/sites\/23\/2022\/11\/Moze-chcesz-dzialac-z-nami-683x1024.png\" \/>\n<meta name=\"twitter:card\" content=\"summary_large_image\" \/>\n<meta name=\"twitter:label1\" content=\"Est. tempo de leitura\" \/>\n\t<meta name=\"twitter:data1\" content=\"1 minuto\" \/>\n<script type=\"application\/ld+json\" class=\"yoast-schema-graph\">{\"@context\":\"https:\\\/\\\/schema.org\",\"@graph\":[{\"@type\":\"WebPage\",\"@id\":\"https:\\\/\\\/poland.fashionrevolution.org\\\/dzialaj\\\/\",\"url\":\"https:\\\/\\\/poland.fashionrevolution.org\\\/dzialaj\\\/\",\"name\":\"dzia\u0142aj - Fashion Revolution Polska\",\"isPartOf\":{\"@id\":\"https:\\\/\\\/poland.fashionrevolution.org\\\/#website\"},\"primaryImageOfPage\":{\"@id\":\"https:\\\/\\\/poland.fashionrevolution.org\\\/dzialaj\\\/#primaryimage\"},\"image\":{\"@id\":\"https:\\\/\\\/poland.fashionrevolution.org\\\/dzialaj\\\/#primaryimage\"},\"thumbnailUrl\":\"https:\\\/\\\/poland.fashionrevolution.org\\\/wp-content\\\/uploads\\\/sites\\\/23\\\/2022\\\/11\\\/Moze-chcesz-dzialac-z-nami-683x1024.png\",\"datePublished\":\"2020-12-28T16:12:44+00:00\",\"dateModified\":\"2022-12-15T20:52:24+00:00\",\"breadcrumb\":{\"@id\":\"https:\\\/\\\/poland.fashionrevolution.org\\\/dzialaj\\\/#breadcrumb\"},\"inLanguage\":\"pt-BR\",\"potentialAction\":[{\"@type\":\"ReadAction\",\"target\":[\"https:\\\/\\\/poland.fashionrevolution.org\\\/dzialaj\\\/\"]}]},{\"@type\":\"ImageObject\",\"inLanguage\":\"pt-BR\",\"@id\":\"https:\\\/\\\/poland.fashionrevolution.org\\\/dzialaj\\\/#primaryimage\",\"url\":\"https:\\\/\\\/poland.fashionrevolution.org\\\/wp-content\\\/uploads\\\/sites\\\/23\\\/2022\\\/11\\\/Moze-chcesz-dzialac-z-nami-683x1024.png\",\"contentUrl\":\"https:\\\/\\\/poland.fashionrevolution.org\\\/wp-content\\\/uploads\\\/sites\\\/23\\\/2022\\\/11\\\/Moze-chcesz-dzialac-z-nami-683x1024.png\"},{\"@type\":\"BreadcrumbList\",\"@id\":\"https:\\\/\\\/poland.fashionrevolution.org\\\/dzialaj\\\/#breadcrumb\",\"itemListElement\":[{\"@type\":\"ListItem\",\"position\":1,\"name\":\"Home\",\"item\":\"https:\\\/\\\/poland.fashionrevolution.org\\\/\"},{\"@type\":\"ListItem\",\"position\":2,\"name\":\"dzia\u0142aj\"}]},{\"@type\":\"WebSite\",\"@id\":\"https:\\\/\\\/poland.fashionrevolution.org\\\/#website\",\"url\":\"https:\\\/\\\/poland.fashionrevolution.org\\\/\",\"name\":\"Fashion Revolution Polska\",\"description\":\"Fashion Revolution Polska\",\"publisher\":{\"@id\":\"https:\\\/\\\/poland.fashionrevolution.org\\\/#organization\"},\"potentialAction\":[{\"@type\":\"SearchAction\",\"target\":{\"@type\":\"EntryPoint\",\"urlTemplate\":\"https:\\\/\\\/poland.fashionrevolution.org\\\/?s={search_term_string}\"},\"query-input\":{\"@type\":\"PropertyValueSpecification\",\"valueRequired\":true,\"valueName\":\"search_term_string\"}}],\"inLanguage\":\"pt-BR\"},{\"@type\":\"Organization\",\"@id\":\"https:\\\/\\\/poland.fashionrevolution.org\\\/#organization\",\"name\":\"Fashion Revolution Polska\",\"url\":\"https:\\\/\\\/poland.fashionrevolution.org\\\/\",\"logo\":{\"@type\":\"ImageObject\",\"inLanguage\":\"pt-BR\",\"@id\":\"https:\\\/\\\/poland.fashionrevolution.org\\\/#\\\/schema\\\/logo\\\/image\\\/\",\"url\":\"https:\\\/\\\/poland.fashionrevolution.org\\\/wp-content\\\/uploads\\\/sites\\\/23\\\/2022\\\/11\\\/Logo_Poland-1-uai-258x258-1.jpg\",\"contentUrl\":\"https:\\\/\\\/poland.fashionrevolution.org\\\/wp-content\\\/uploads\\\/sites\\\/23\\\/2022\\\/11\\\/Logo_Poland-1-uai-258x258-1.jpg\",\"width\":258,\"height\":258,\"caption\":\"Fashion Revolution Polska\"},\"image\":{\"@id\":\"https:\\\/\\\/poland.fashionrevolution.org\\\/#\\\/schema\\\/logo\\\/image\\\/\"},\"sameAs\":[\"https:\\\/\\\/www.facebook.com\\\/FashionRevolutionPoland\\\/\",\"https:\\\/\\\/www.instagram.com\\\/fash_revpoland\\\/\"]}]}<\/script>\n<!-- \/ Yoast SEO plugin. -->","yoast_head_json":{"title":"dzia\u0142aj - Fashion Revolution Polska","robots":{"index":"index","follow":"follow","max-snippet":"max-snippet:-1","max-image-preview":"max-image-preview:large","max-video-preview":"max-video-preview:-1"},"canonical":"https:\/\/poland.fashionrevolution.org\/pt\/dzialaj\/","og_locale":"pt_BR","og_type":"article","og_title":"dzia\u0142aj - Fashion Revolution Polska","og_description":"DZIA\u0141AJ Z FASHION REVOLUTION POLSKA Dzia\u0142aj w swoim mie\u015bcie Chcesz dzia\u0142a\u0107 lokalnie? Pomo\u017cemy Ci zorganizowa\u0107: &gt; wymiank\u0119 odzie\u017cow\u0105,&gt; projekcj\u0119 filmu The True Cost,&gt; spotkanie z ekspertkami Fashion Revolution,&gt; grup\u0119 szkolnych ambasadorek,&gt; wydarzenia online,&gt; i inne rzeczy, kt\u00f3re sobie wymarzysz! Dzia\u0142aj z nami w skali kraju Chcesz realizowa\u0107 projekty o zasi\u0119gu krajowym? Rozwijaj si\u0119 z nami [&hellip;]","og_url":"https:\/\/poland.fashionrevolution.org\/pt\/dzialaj\/","og_site_name":"Fashion Revolution Polska","article_publisher":"https:\/\/www.facebook.com\/FashionRevolutionPoland\/","article_modified_time":"2022-12-15T20:52:24+00:00","og_image":[{"url":"https:\/\/poland.fashionrevolution.org\/wp-content\/uploads\/sites\/23\/2022\/11\/Moze-chcesz-dzialac-z-nami-683x1024.png","type":"","width":"","height":""}],"twitter_card":"summary_large_image","twitter_misc":{"Est. tempo de leitura":"1 minuto"},"schema":{"@context":"https:\/\/schema.org","@graph":[{"@type":"WebPage","@id":"https:\/\/poland.fashionrevolution.org\/dzialaj\/","url":"https:\/\/poland.fashionrevolution.org\/dzialaj\/","name":"dzia\u0142aj - Fashion Revolution Polska","isPartOf":{"@id":"https:\/\/poland.fashionrevolution.org\/#website"},"primaryImageOfPage":{"@id":"https:\/\/poland.fashionrevolution.org\/dzialaj\/#primaryimage"},"image":{"@id":"https:\/\/poland.fashionrevolution.org\/dzialaj\/#primaryimage"},"thumbnailUrl":"https:\/\/poland.fashionrevolution.org\/wp-content\/uploads\/sites\/23\/2022\/11\/Moze-chcesz-dzialac-z-nami-683x1024.png","datePublished":"2020-12-28T16:12:44+00:00","dateModified":"2022-12-15T20:52:24+00:00","breadcrumb":{"@id":"https:\/\/poland.fashionrevolution.org\/dzialaj\/#breadcrumb"},"inLanguage":"pt-BR","potentialAction":[{"@type":"ReadAction","target":["https:\/\/poland.fashionrevolution.org\/dzialaj\/"]}]},{"@type":"ImageObject","inLanguage":"pt-BR","@id":"https:\/\/poland.fashionrevolution.org\/dzialaj\/#primaryimage","url":"https:\/\/poland.fashionrevolution.org\/wp-content\/uploads\/sites\/23\/2022\/11\/Moze-chcesz-dzialac-z-nami-683x1024.png","contentUrl":"https:\/\/poland.fashionrevolution.org\/wp-content\/uploads\/sites\/23\/2022\/11\/Moze-chcesz-dzialac-z-nami-683x1024.png"},{"@type":"BreadcrumbList","@id":"https:\/\/poland.fashionrevolution.org\/dzialaj\/#breadcrumb","itemListElement":[{"@type":"ListItem","position":1,"name":"Home","item":"https:\/\/poland.fashionrevolution.org\/"},{"@type":"ListItem","position":2,"name":"dzia\u0142aj"}]},{"@type":"WebSite","@id":"https:\/\/poland.fashionrevolution.org\/#website","url":"https:\/\/poland.fashionrevolution.org\/","name":"Fashion Revolution Polska","description":"Fashion Revolution Polska","publisher":{"@id":"https:\/\/poland.fashionrevolution.org\/#organization"},"potentialAction":[{"@type":"SearchAction","target":{"@type":"EntryPoint","urlTemplate":"https:\/\/poland.fashionrevolution.org\/?s={search_term_string}"},"query-input":{"@type":"PropertyValueSpecification","valueRequired":true,"valueName":"search_term_string"}}],"inLanguage":"pt-BR"},{"@type":"Organization","@id":"https:\/\/poland.fashionrevolution.org\/#organization","name":"Fashion Revolution Polska","url":"https:\/\/poland.fashionrevolution.org\/","logo":{"@type":"ImageObject","inLanguage":"pt-BR","@id":"https:\/\/poland.fashionrevolution.org\/#\/schema\/logo\/image\/","url":"https:\/\/poland.fashionrevolution.org\/wp-content\/uploads\/sites\/23\/2022\/11\/Logo_Poland-1-uai-258x258-1.jpg","contentUrl":"https:\/\/poland.fashionrevolution.org\/wp-content\/uploads\/sites\/23\/2022\/11\/Logo_Poland-1-uai-258x258-1.jpg","width":258,"height":258,"caption":"Fashion Revolution Polska"},"image":{"@id":"https:\/\/poland.fashionrevolution.org\/#\/schema\/logo\/image\/"},"sameAs":["https:\/\/www.facebook.com\/FashionRevolutionPoland\/","https:\/\/www.instagram.com\/fash_revpoland\/"]}]}},"_links":{"self":[{"href":"https:\/\/poland.fashionrevolution.org\/pt\/wp-json\/wp\/v2\/pages\/24","targetHints":{"allow":["GET"]}}],"collection":[{"href":"https:\/\/poland.fashionrevolution.org\/pt\/wp-json\/wp\/v2\/pages"}],"about":[{"href":"https:\/\/poland.fashionrevolution.org\/pt\/wp-json\/wp\/v2\/types\/page"}],"author":[{"embeddable":true,"href":"https:\/\/poland.fashionrevolution.org\/pt\/wp-json\/wp\/v2\/users\/1"}],"replies":[{"embeddable":true,"href":"https:\/\/poland.fashionrevolution.org\/pt\/wp-json\/wp\/v2\/comments?post=24"}],"version-history":[{"count":32,"href":"https:\/\/poland.fashionrevolution.org\/pt\/wp-json\/wp\/v2\/pages\/24\/revisions"}],"predecessor-version":[{"id":674,"href":"https:\/\/poland.fashionrevolution.org\/pt\/wp-json\/wp\/v2\/pages\/24\/revisions\/674"}],"wp:attachment":[{"href":"https:\/\/poland.fashionrevolution.org\/pt\/wp-json\/wp\/v2\/media?parent=24"}],"curies":[{"name":"wp","href":"https:\/\/api.w.org\/{rel}","templated":true}]}}