{"id":546,"date":"2022-11-18T07:42:55","date_gmt":"2022-11-18T06:42:55","guid":{"rendered":"https:\/\/poland.fashionrevolution.org\/?page_id=546"},"modified":"2023-11-12T16:49:29","modified_gmt":"2023-11-12T15:49:29","slug":"raporttransformacje","status":"publish","type":"page","link":"https:\/\/poland.fashionrevolution.org\/pt\/raporttransformacje\/","title":{"rendered":"Pobierz Transformacje. Raport o modzie cyrkularnej w Polsce"},"content":{"rendered":"<p>\/*! elementor &#8211; v3.15.0 &#8211; 20-08-2023 *\/<br \/>\n.elementor-heading-title{padding:0;margin:0;line-height:1}.elementor-widget-heading .elementor-heading-title[class*=elementor-size-]&gt;a{color:inherit;font-size:inherit;line-height:inherit}.elementor-widget-heading .elementor-heading-title.elementor-size-small{font-size:15px}.elementor-widget-heading .elementor-heading-title.elementor-size-medium{font-size:19px}.elementor-widget-heading .elementor-heading-title.elementor-size-large{font-size:29px}.elementor-widget-heading .elementor-heading-title.elementor-size-xl{font-size:39px}.elementor-widget-heading .elementor-heading-title.elementor-size-xxl{font-size:59px}<\/p>\n<h2>Transformacje.<br \/>\nRaport o modzie cyrkularnej w Polsce<\/h2>\n<p>Przed Wami \u201eTransformacje. Raport o modzie cyrkularnej w Polsce\u201d \u2013 ponad 100 stron, na kt\u00f3rych znajdziecie najwa\u017cniejsze informacje i konteksty cyrkularnego podej\u015bcia do mody nad Wis\u0142\u0105.<\/p>\n<p>\t\t\t<a href=\"https:\/\/dashboard.mailerlite.com\/forms\/260304\/104650954470590076\/share\"><br \/>\n\t\t\t\t\t\tPobierz Raport<br \/>\n\t\t\t\t\t<\/a><\/p>\n<p style=\"text-align: right\"><strong>\u201eOkazuje si\u0119, \u017ce stawiaj\u0105c na zamkni\u0119ty obieg wci\u0105\u017c si\u0119 otwieramy \u2013 na interpretacje, na inspiracje, na namys\u0142 nad w\u0142asnymi nawykami\u201d.<\/strong><\/p>\n<p style=\"text-align: right\">Anna Zag\u00f3rska<\/p>\n<p>\t\t\t\/*! elementor &#8211; v3.15.0 &#8211; 20-08-2023 *\/<br \/>\n.elementor-widget-image-carousel .swiper,.elementor-widget-image-carousel .swiper-container{position:static}.elementor-widget-image-carousel .swiper-container .swiper-slide figure,.elementor-widget-image-carousel .swiper .swiper-slide figure{line-height:inherit}.elementor-widget-image-carousel .swiper-slide{text-align:center}.elementor-image-carousel-wrapper:not(.swiper-container-initialized):not(.swiper-initialized) .swiper-slide{max-width:calc(100% \/ var(&#8211;e-image-carousel-slides-to-show, 3))}\t\t<\/p>\n<figure><img decoding=\"async\" src=\"https:\/\/poland.fashionrevolution.org\/wp-content\/uploads\/sites\/23\/2023\/01\/post8-2048x2048.png\" alt=\"post8\" \/><\/figure>\n<figure><img decoding=\"async\" src=\"https:\/\/poland.fashionrevolution.org\/wp-content\/uploads\/sites\/23\/2023\/01\/post5-2048x2048.png\" alt=\"post5\" \/><\/figure>\n<figure><img decoding=\"async\" src=\"https:\/\/poland.fashionrevolution.org\/wp-content\/uploads\/sites\/23\/2023\/01\/post-2048x2048.png\" alt=\"post\" \/><\/figure>\n<h3>O Raporcie<\/h3>\n<p>W \u201eLeksykonie mody odpowiedzialnej\u201d, publikacji edukacyjnej Fashion Revolution Polska, przeczyta\u0107 mo\u017cna definicj\u0119 gospodarki obiegu zamkni\u0119tego autorstwa Oli B\u0105kowskiej:<\/p>\n<p><i>Gospodarka o obiegu zamkni\u0119tym, w sektorze odzie\u017cowym odnosz\u0105ca si\u0119 do za\u0142o\u017ce\u0144 mody cyrkularnej, oznacza przede wszystkim jak najd\u0142u\u017csze wykorzystywanie ubra\u0144 i tkanin, kt\u00f3re ju\u017c zosta\u0142y wyprodukowane, w celu ograniczenia nadprodukcji i ilo\u015bci odpad\u00f3w tekstylnych <\/i>[\u2026]<i>. W praktyce obserwuje si\u0119, \u017ce nie ma jednej definicji mody cyrkularnej i organizacje oraz marki odzie\u017cowe stosuj\u0105 poj\u0119cia cyrkularno\u015bci i zamykania obiegu zgodnie z w\u0142asnymi potrzebami i intencjami<\/i>.<\/p>\n<p>Nie ma jednej definicji mody cyrkularnej, nie ma jedynej s\u0142usznej wizji wdra\u017cania zasad gospodarki obiegu zamkni\u0119tego. Raport pokazuje wyra\u017anie, \u017ce \u2013 na co zwraca\u0142a uwag\u0119 Ola B\u0105kowska \u2013 zamykanie obiegu opiera si\u0119 i cz\u0119sto tak\u017ce rozbija o partykularne potrzeby oraz intencje, nie zawsze czyste, zr\u00f3wnowa\u017cone i \u2013 sprowadzaj\u0105c spraw\u0119 do pryncypi\u00f3w i s\u0142\u00f3w prostych, ale wielkiej wagi \u2013 dobre.<\/p>\n<p>Wydaje si\u0119, \u017ce jednym z najistotniejszych krok\u00f3w poczynionych w stron\u0119 wdra\u017cania za\u0142o\u017ce\u0144 GOZ jest \u015bwiadomo\u015b\u0107. To w\u0142a\u015bnie uzmys\u0142owienie sobie konieczno\u015bci zmian i zdawanie sprawy z ich wagi jest w stanie nap\u0119dza\u0107 t\u0119 ewolucj\u0119 przemian, kt\u00f3re ostatecznie zamkn\u0105 obieg raz na zawsze. GOZ we wsp\u00f3\u0142czesnym \u015bwiecie \u2013 ogarni\u0119tym kryzysami, w tym klimatycznym, zap\u0119dzonym w \u015blepy zau\u0142ek nadprodukcji i konsumpcji ponad miar\u0119 (i zdrowy rozs\u0105dek) \u2013 nie mo\u017ce by\u0107 jednym z wybor\u00f3w, mo\u017cliwym modelem. Musi sta\u0107 si\u0119 faz\u0105 rozwoju, punktem docelowym, do kt\u00f3rego d\u0105\u017cymy.<\/p>\n<p>Raport ten oddajemy wi\u0119c nie tylko w r\u0119ce konsumentek i konsument\u00f3w, przedstawicieli organizacji bran\u017cowych i pozarz\u0105dowych. Kierujemy nasze przemy\u015blenia i podsumowania r\u00f3wnie\u017c w stron\u0119 reprezentant\u00f3w instytucji pa\u0144stwowych dzia\u0142aj\u0105cych w obszarze przemys\u0142u i ochrony \u015brodowiska, przedstawicielek i przedstawicieli w\u0142adzy wykonawczej i ustawodawczej, w stron\u0119 projektantek i projektant\u00f3w odzie\u017cy, reprezentantek i reprezentant\u00f3w marek odzie\u017cowych \u2013 zar\u00f3wno tych niewielkich i lokalnych, jak i wielkich korporacji o mi\u0119dzynarodowym zasi\u0119gu.<\/p>\n<p>Wierzymy, \u017ce za\u0142o\u017cenia gospodarki o obiegu zamkni\u0119tym osi\u0105gniemy wy\u0142\u0105cznie wtedy, gdy zamyka\u0107 b\u0119dziemy tylko obieg, a jednocze\u015bnie otworzymy si\u0119 na siebie nawzajem: gotowe i gotowi do rozm\u00f3w, ale przede wszystkim \u2013 do realnych, trwa\u0142ych, systemowych zmian. <\/p>\n<p>Publikacja pod patronatem UN Global Compact Network Poland.<\/p>\n<p>\t\t\t\/*! elementor &#8211; v3.15.0 &#8211; 20-08-2023 *\/<br \/>\n.elementor-widget-image{text-align:center}.elementor-widget-image a{display:inline-block}.elementor-widget-image a img[src$=&#8221;.svg&#8221;]{width:48px}.elementor-widget-image img{vertical-align:middle;display:inline-block}\t\t\t\t\t\t\t\t\t\t\t\t<img decoding=\"async\" width=\"1024\" height=\"330\" src=\"https:\/\/poland.fashionrevolution.org\/wp-content\/uploads\/sites\/23\/2022\/11\/UNGCNP-1024x330.png\" alt=\"UN Global Compact Network Poland (logo)\" loading=\"lazy\" \/><br \/>\n\t\t\t\/*! elementor &#8211; v3.15.0 &#8211; 20-08-2023 *\/<br \/>\n.elementor-counter .elementor-counter-number-wrapper{display:flex;font-size:69px;font-weight:600;line-height:1}.elementor-counter .elementor-counter-number-prefix,.elementor-counter .elementor-counter-number-suffix{flex-grow:1;white-space:pre-wrap}.elementor-counter .elementor-counter-number-prefix{text-align:right}.elementor-counter .elementor-counter-number-suffix{text-align:left}.elementor-counter .elementor-counter-title{text-align:center;font-size:19px;font-weight:400;line-height:2.5}<br \/>\n\t\t\t\t0<br \/>\n\t\t\t\t\t\t\ttre\u015bciwych<br \/>rozdzia\u0142\u00f3w<br \/>\n\t\t\t\t0<br \/>\n\t\t\t\t\t\t\tautorek<br \/>\n\t\t\t\t0<br \/>\n\t\t\t\t\t\t\tniezale\u017cne komentarze eksperckie<br \/>\n\t\t\t\t0<br \/>\n\t\t\t\t\t\t\tstron pe\u0142nych<br \/>wiedzy<br \/>\n\t\t\t<a href=\"https:\/\/dashboard.mailerlite.com\/forms\/260304\/104650954470590076\/share\" id=\"pobierz2\"><br \/>\n\t\t\t\t\t\tPobierz Raport<br \/>\n\t\t\t\t\t<\/a><\/p>\n<h3>Kim jeste\u015bmy?<\/h3>\n<p>Fashion Revolution to organizacja i zarazem inicjatywa powsta\u0142a w Wielkiej Brytanii po kwietniowej katastrofie w bangladeskiej Rana Plaza. 24 kwietnia 2013 gruzy zawalonej fabryki poch\u0142on\u0119\u0142y ponad tysi\u0105c ludzkich istnie\u0144.<\/p>\n<p>Dzia\u0142amy na rzecz naprawy bran\u017cy mody.<\/p>\n<p>\t\t\t<a href=\"https:\/\/poland.fashionrevolution.org\/\"><br \/>\n\t\t\t\t\t\tODWIED\u0179 NASZA STRON\u0118<br \/>\n\t\t\t\t\t<\/a><\/p>\n<p>Kontakt: <a href=\"mailto:poland@fashionrevolution.org\">poland@fashionrevolution.org<\/a><\/p>\n<p>\t\t\t\/*! elementor &#8211; v3.15.0 &#8211; 20-08-2023 *\/<br \/>\n.elementor-widget-social-icons.elementor-grid-0 .elementor-widget-container,.elementor-widget-social-icons.elementor-grid-mobile-0 .elementor-widget-container,.elementor-widget-social-icons.elementor-grid-tablet-0 .elementor-widget-container{line-height:1;font-size:0}.elementor-widget-social-icons:not(.elementor-grid-0):not(.elementor-grid-tablet-0):not(.elementor-grid-mobile-0) .elementor-grid{display:inline-grid}.elementor-widget-social-icons .elementor-grid{grid-column-gap:var(&#8211;grid-column-gap,5px);grid-row-gap:var(&#8211;grid-row-gap,5px);grid-template-columns:var(&#8211;grid-template-columns);justify-content:var(&#8211;justify-content,center);justify-items:var(&#8211;justify-content,center)}.elementor-icon.elementor-social-icon{font-size:var(&#8211;icon-size,25px);line-height:var(&#8211;icon-size,25px);width:calc(var(&#8211;icon-size, 25px) + (2 * var(&#8211;icon-padding, .5em)));height:calc(var(&#8211;icon-size, 25px) + (2 * var(&#8211;icon-padding, .5em)))}.elementor-social-icon{&#8211;e-social-icon-icon-color:#fff;display:inline-flex;background-color:#69727d;align-items:center;justify-content:center;text-align:center;cursor:pointer}.elementor-social-icon i{color:var(&#8211;e-social-icon-icon-color)}.elementor-social-icon svg{fill:var(&#8211;e-social-icon-icon-color)}.elementor-social-icon:last-child{margin:0}.elementor-social-icon:hover{opacity:.9;color:#fff}.elementor-social-icon-android{background-color:#a4c639}.elementor-social-icon-apple{background-color:#999}.elementor-social-icon-behance{background-color:#1769ff}.elementor-social-icon-bitbucket{background-color:#205081}.elementor-social-icon-codepen{background-color:#000}.elementor-social-icon-delicious{background-color:#39f}.elementor-social-icon-deviantart{background-color:#05cc47}.elementor-social-icon-digg{background-color:#005be2}.elementor-social-icon-dribbble{background-color:#ea4c89}.elementor-social-icon-elementor{background-color:#d30c5c}.elementor-social-icon-envelope{background-color:#ea4335}.elementor-social-icon-facebook,.elementor-social-icon-facebook-f{background-color:#3b5998}.elementor-social-icon-flickr{background-color:#0063dc}.elementor-social-icon-foursquare{background-color:#2d5be3}.elementor-social-icon-free-code-camp,.elementor-social-icon-freecodecamp{background-color:#006400}.elementor-social-icon-github{background-color:#333}.elementor-social-icon-gitlab{background-color:#e24329}.elementor-social-icon-globe{background-color:#69727d}.elementor-social-icon-google-plus,.elementor-social-icon-google-plus-g{background-color:#dd4b39}.elementor-social-icon-houzz{background-color:#7ac142}.elementor-social-icon-instagram{background-color:#262626}.elementor-social-icon-jsfiddle{background-color:#487aa2}.elementor-social-icon-link{background-color:#818a91}.elementor-social-icon-linkedin,.elementor-social-icon-linkedin-in{background-color:#0077b5}.elementor-social-icon-medium{background-color:#00ab6b}.elementor-social-icon-meetup{background-color:#ec1c40}.elementor-social-icon-mixcloud{background-color:#273a4b}.elementor-social-icon-odnoklassniki{background-color:#f4731c}.elementor-social-icon-pinterest{background-color:#bd081c}.elementor-social-icon-product-hunt{background-color:#da552f}.elementor-social-icon-reddit{background-color:#ff4500}.elementor-social-icon-rss{background-color:#f26522}.elementor-social-icon-shopping-cart{background-color:#4caf50}.elementor-social-icon-skype{background-color:#00aff0}.elementor-social-icon-slideshare{background-color:#0077b5}.elementor-social-icon-snapchat{background-color:#fffc00}.elementor-social-icon-soundcloud{background-color:#f80}.elementor-social-icon-spotify{background-color:#2ebd59}.elementor-social-icon-stack-overflow{background-color:#fe7a15}.elementor-social-icon-steam{background-color:#00adee}.elementor-social-icon-stumbleupon{background-color:#eb4924}.elementor-social-icon-telegram{background-color:#2ca5e0}.elementor-social-icon-thumb-tack{background-color:#1aa1d8}.elementor-social-icon-tripadvisor{background-color:#589442}.elementor-social-icon-tumblr{background-color:#35465c}.elementor-social-icon-twitch{background-color:#6441a5}.elementor-social-icon-twitter{background-color:#1da1f2}.elementor-social-icon-viber{background-color:#665cac}.elementor-social-icon-vimeo{background-color:#1ab7ea}.elementor-social-icon-vk{background-color:#45668e}.elementor-social-icon-weibo{background-color:#dd2430}.elementor-social-icon-weixin{background-color:#31a918}.elementor-social-icon-whatsapp{background-color:#25d366}.elementor-social-icon-wordpress{background-color:#21759b}.elementor-social-icon-xing{background-color:#026466}.elementor-social-icon-yelp{background-color:#af0606}.elementor-social-icon-youtube{background-color:#cd201f}.elementor-social-icon-500px{background-color:#0099e5}.elementor-shape-rounded .elementor-icon.elementor-social-icon{border-radius:10%}.elementor-shape-circle .elementor-icon.elementor-social-icon{border-radius:50%}<br \/>\n\t\t\t\t\t<a href=\"https:\/\/www.facebook.com\/fashionrevolutionpoland\" target=\"_blank\" rel=\"noopener\"><br \/>\n\t\t\t\t\t\tFacebook<br \/>\n\t\t\t\t\t\t\t\t\t\t\t<\/a><br \/>\n\t\t\t\t\t<a href=\"https:\/\/www.instagram.com\/fash_revpoland\/\" target=\"_blank\" rel=\"noopener\"><br \/>\n\t\t\t\t\t\tInstagram<br \/>\n\t\t\t\t\t\t\t\t\t\t\t<\/a><br \/>\n\t\t\t\t\t<a href=\"https:\/\/www.linkedin.com\/company\/fashion-revolution-polska\/\" target=\"_blank\" rel=\"noopener\"><br \/>\n\t\t\t\t\t\tLinkedin<br \/>\n\t\t\t\t\t\t\t\t\t\t\t<\/a><\/p>\n<p>Copyright: Fashion Revolution Polska 2022<\/p>\n","protected":false},"excerpt":{"rendered":"<p>\/*! elementor &#8211; v3.15.0 &#8211; 20-08-2023 *\/ .elementor-heading-title{padding:0;margin:0;line-height:1}.elementor-widget-heading .elementor-heading-title[class*=elementor-size-]&gt;a{color:inherit;font-size:inherit;line-height:inherit}.elementor-widget-heading .elementor-heading-title.elementor-size-small{font-size:15px}.elementor-widget-heading .elementor-heading-title.elementor-size-medium{font-size:19px}.elementor-widget-heading .elementor-heading-title.elementor-size-large{font-size:29px}.elementor-widget-heading .elementor-heading-title.elementor-size-xl{font-size:39px}.elementor-widget-heading .elementor-heading-title.elementor-size-xxl{font-size:59px} Transformacje. Raport o modzie cyrkularnej w Polsce Przed Wami \u201eTransformacje. Raport o modzie cyrkularnej w Polsce\u201d \u2013 ponad 100 stron, na kt\u00f3rych znajdziecie najwa\u017cniejsze informacje i konteksty cyrkularnego podej\u015bcia do mody nad Wis\u0142\u0105. Pobierz Raport \u201eOkazuje si\u0119, \u017ce stawiaj\u0105c na zamkni\u0119ty [&hellip;]<\/p>\n","protected":false},"author":27,"featured_media":0,"parent":0,"menu_order":0,"comment_status":"closed","ping_status":"closed","template":"elementor_canvas","meta":{"footnotes":""},"class_list":["post-546","page","type-page","status-publish","hentry"],"yoast_head":"<!-- This site is optimized with the Yoast SEO plugin v27.4 - https:\/\/yoast.com\/product\/yoast-seo-wordpress\/ -->\n<title>Pobierz Transformacje. Raport o modzie cyrkularnej w Polsce - Fashion Revolution Polska<\/title>\n<meta name=\"robots\" content=\"index, follow, max-snippet:-1, max-image-preview:large, max-video-preview:-1\" \/>\n<link rel=\"canonical\" href=\"https:\/\/poland.fashionrevolution.org\/pt\/raporttransformacje\/\" \/>\n<meta property=\"og:locale\" content=\"pt_BR\" \/>\n<meta property=\"og:type\" content=\"article\" \/>\n<meta property=\"og:title\" content=\"Pobierz Transformacje. Raport o modzie cyrkularnej w Polsce - Fashion Revolution Polska\" \/>\n<meta property=\"og:description\" content=\"\/*! elementor &#8211; v3.15.0 &#8211; 20-08-2023 *\/ .elementor-heading-title{padding:0;margin:0;line-height:1}.elementor-widget-heading .elementor-heading-title[class*=elementor-size-]&gt;a{color:inherit;font-size:inherit;line-height:inherit}.elementor-widget-heading .elementor-heading-title.elementor-size-small{font-size:15px}.elementor-widget-heading .elementor-heading-title.elementor-size-medium{font-size:19px}.elementor-widget-heading .elementor-heading-title.elementor-size-large{font-size:29px}.elementor-widget-heading .elementor-heading-title.elementor-size-xl{font-size:39px}.elementor-widget-heading .elementor-heading-title.elementor-size-xxl{font-size:59px} Transformacje. Raport o modzie cyrkularnej w Polsce Przed Wami \u201eTransformacje. Raport o modzie cyrkularnej w Polsce\u201d \u2013 ponad 100 stron, na kt\u00f3rych znajdziecie najwa\u017cniejsze informacje i konteksty cyrkularnego podej\u015bcia do mody nad Wis\u0142\u0105. Pobierz Raport \u201eOkazuje si\u0119, \u017ce stawiaj\u0105c na zamkni\u0119ty [&hellip;]\" \/>\n<meta property=\"og:url\" content=\"https:\/\/poland.fashionrevolution.org\/pt\/raporttransformacje\/\" \/>\n<meta property=\"og:site_name\" content=\"Fashion Revolution Polska\" \/>\n<meta property=\"article:publisher\" content=\"https:\/\/www.facebook.com\/FashionRevolutionPoland\/\" \/>\n<meta property=\"article:modified_time\" content=\"2023-11-12T15:49:29+00:00\" \/>\n<meta property=\"og:image\" content=\"https:\/\/poland.fashionrevolution.org\/wp-content\/uploads\/sites\/23\/2023\/01\/post8-2048x2048.png\" \/>\n<meta name=\"twitter:card\" content=\"summary_large_image\" \/>\n<meta name=\"twitter:label1\" content=\"Est. tempo de leitura\" \/>\n\t<meta name=\"twitter:data1\" content=\"5 minutos\" \/>\n<script type=\"application\/ld+json\" class=\"yoast-schema-graph\">{\"@context\":\"https:\\\/\\\/schema.org\",\"@graph\":[{\"@type\":\"WebPage\",\"@id\":\"https:\\\/\\\/poland.fashionrevolution.org\\\/raporttransformacje\\\/\",\"url\":\"https:\\\/\\\/poland.fashionrevolution.org\\\/raporttransformacje\\\/\",\"name\":\"Pobierz Transformacje. Raport o modzie cyrkularnej w Polsce - Fashion Revolution Polska\",\"isPartOf\":{\"@id\":\"https:\\\/\\\/poland.fashionrevolution.org\\\/#website\"},\"primaryImageOfPage\":{\"@id\":\"https:\\\/\\\/poland.fashionrevolution.org\\\/raporttransformacje\\\/#primaryimage\"},\"image\":{\"@id\":\"https:\\\/\\\/poland.fashionrevolution.org\\\/raporttransformacje\\\/#primaryimage\"},\"thumbnailUrl\":\"https:\\\/\\\/poland.fashionrevolution.org\\\/wp-content\\\/uploads\\\/sites\\\/23\\\/2023\\\/01\\\/post8-2048x2048.png\",\"datePublished\":\"2022-11-18T06:42:55+00:00\",\"dateModified\":\"2023-11-12T15:49:29+00:00\",\"breadcrumb\":{\"@id\":\"https:\\\/\\\/poland.fashionrevolution.org\\\/raporttransformacje\\\/#breadcrumb\"},\"inLanguage\":\"pt-BR\",\"potentialAction\":[{\"@type\":\"ReadAction\",\"target\":[\"https:\\\/\\\/poland.fashionrevolution.org\\\/raporttransformacje\\\/\"]}]},{\"@type\":\"ImageObject\",\"inLanguage\":\"pt-BR\",\"@id\":\"https:\\\/\\\/poland.fashionrevolution.org\\\/raporttransformacje\\\/#primaryimage\",\"url\":\"https:\\\/\\\/poland.fashionrevolution.org\\\/wp-content\\\/uploads\\\/sites\\\/23\\\/2023\\\/01\\\/post8-2048x2048.png\",\"contentUrl\":\"https:\\\/\\\/poland.fashionrevolution.org\\\/wp-content\\\/uploads\\\/sites\\\/23\\\/2023\\\/01\\\/post8-2048x2048.png\"},{\"@type\":\"BreadcrumbList\",\"@id\":\"https:\\\/\\\/poland.fashionrevolution.org\\\/raporttransformacje\\\/#breadcrumb\",\"itemListElement\":[{\"@type\":\"ListItem\",\"position\":1,\"name\":\"Home\",\"item\":\"https:\\\/\\\/poland.fashionrevolution.org\\\/\"},{\"@type\":\"ListItem\",\"position\":2,\"name\":\"Pobierz Transformacje. Raport o modzie cyrkularnej w Polsce\"}]},{\"@type\":\"WebSite\",\"@id\":\"https:\\\/\\\/poland.fashionrevolution.org\\\/#website\",\"url\":\"https:\\\/\\\/poland.fashionrevolution.org\\\/\",\"name\":\"Fashion Revolution Polska\",\"description\":\"Fashion Revolution Polska\",\"publisher\":{\"@id\":\"https:\\\/\\\/poland.fashionrevolution.org\\\/#organization\"},\"potentialAction\":[{\"@type\":\"SearchAction\",\"target\":{\"@type\":\"EntryPoint\",\"urlTemplate\":\"https:\\\/\\\/poland.fashionrevolution.org\\\/?s={search_term_string}\"},\"query-input\":{\"@type\":\"PropertyValueSpecification\",\"valueRequired\":true,\"valueName\":\"search_term_string\"}}],\"inLanguage\":\"pt-BR\"},{\"@type\":\"Organization\",\"@id\":\"https:\\\/\\\/poland.fashionrevolution.org\\\/#organization\",\"name\":\"Fashion Revolution Polska\",\"url\":\"https:\\\/\\\/poland.fashionrevolution.org\\\/\",\"logo\":{\"@type\":\"ImageObject\",\"inLanguage\":\"pt-BR\",\"@id\":\"https:\\\/\\\/poland.fashionrevolution.org\\\/#\\\/schema\\\/logo\\\/image\\\/\",\"url\":\"https:\\\/\\\/poland.fashionrevolution.org\\\/wp-content\\\/uploads\\\/sites\\\/23\\\/2022\\\/11\\\/Logo_Poland-1-uai-258x258-1.jpg\",\"contentUrl\":\"https:\\\/\\\/poland.fashionrevolution.org\\\/wp-content\\\/uploads\\\/sites\\\/23\\\/2022\\\/11\\\/Logo_Poland-1-uai-258x258-1.jpg\",\"width\":258,\"height\":258,\"caption\":\"Fashion Revolution Polska\"},\"image\":{\"@id\":\"https:\\\/\\\/poland.fashionrevolution.org\\\/#\\\/schema\\\/logo\\\/image\\\/\"},\"sameAs\":[\"https:\\\/\\\/www.facebook.com\\\/FashionRevolutionPoland\\\/\",\"https:\\\/\\\/www.instagram.com\\\/fash_revpoland\\\/\"]}]}<\/script>\n<!-- \/ Yoast SEO plugin. -->","yoast_head_json":{"title":"Pobierz Transformacje. Raport o modzie cyrkularnej w Polsce - Fashion Revolution Polska","robots":{"index":"index","follow":"follow","max-snippet":"max-snippet:-1","max-image-preview":"max-image-preview:large","max-video-preview":"max-video-preview:-1"},"canonical":"https:\/\/poland.fashionrevolution.org\/pt\/raporttransformacje\/","og_locale":"pt_BR","og_type":"article","og_title":"Pobierz Transformacje. Raport o modzie cyrkularnej w Polsce - Fashion Revolution Polska","og_description":"\/*! elementor &#8211; v3.15.0 &#8211; 20-08-2023 *\/ .elementor-heading-title{padding:0;margin:0;line-height:1}.elementor-widget-heading .elementor-heading-title[class*=elementor-size-]&gt;a{color:inherit;font-size:inherit;line-height:inherit}.elementor-widget-heading .elementor-heading-title.elementor-size-small{font-size:15px}.elementor-widget-heading .elementor-heading-title.elementor-size-medium{font-size:19px}.elementor-widget-heading .elementor-heading-title.elementor-size-large{font-size:29px}.elementor-widget-heading .elementor-heading-title.elementor-size-xl{font-size:39px}.elementor-widget-heading .elementor-heading-title.elementor-size-xxl{font-size:59px} Transformacje. Raport o modzie cyrkularnej w Polsce Przed Wami \u201eTransformacje. Raport o modzie cyrkularnej w Polsce\u201d \u2013 ponad 100 stron, na kt\u00f3rych znajdziecie najwa\u017cniejsze informacje i konteksty cyrkularnego podej\u015bcia do mody nad Wis\u0142\u0105. Pobierz Raport \u201eOkazuje si\u0119, \u017ce stawiaj\u0105c na zamkni\u0119ty [&hellip;]","og_url":"https:\/\/poland.fashionrevolution.org\/pt\/raporttransformacje\/","og_site_name":"Fashion Revolution Polska","article_publisher":"https:\/\/www.facebook.com\/FashionRevolutionPoland\/","article_modified_time":"2023-11-12T15:49:29+00:00","og_image":[{"url":"https:\/\/poland.fashionrevolution.org\/wp-content\/uploads\/sites\/23\/2023\/01\/post8-2048x2048.png","type":"","width":"","height":""}],"twitter_card":"summary_large_image","twitter_misc":{"Est. tempo de leitura":"5 minutos"},"schema":{"@context":"https:\/\/schema.org","@graph":[{"@type":"WebPage","@id":"https:\/\/poland.fashionrevolution.org\/raporttransformacje\/","url":"https:\/\/poland.fashionrevolution.org\/raporttransformacje\/","name":"Pobierz Transformacje. Raport o modzie cyrkularnej w Polsce - Fashion Revolution Polska","isPartOf":{"@id":"https:\/\/poland.fashionrevolution.org\/#website"},"primaryImageOfPage":{"@id":"https:\/\/poland.fashionrevolution.org\/raporttransformacje\/#primaryimage"},"image":{"@id":"https:\/\/poland.fashionrevolution.org\/raporttransformacje\/#primaryimage"},"thumbnailUrl":"https:\/\/poland.fashionrevolution.org\/wp-content\/uploads\/sites\/23\/2023\/01\/post8-2048x2048.png","datePublished":"2022-11-18T06:42:55+00:00","dateModified":"2023-11-12T15:49:29+00:00","breadcrumb":{"@id":"https:\/\/poland.fashionrevolution.org\/raporttransformacje\/#breadcrumb"},"inLanguage":"pt-BR","potentialAction":[{"@type":"ReadAction","target":["https:\/\/poland.fashionrevolution.org\/raporttransformacje\/"]}]},{"@type":"ImageObject","inLanguage":"pt-BR","@id":"https:\/\/poland.fashionrevolution.org\/raporttransformacje\/#primaryimage","url":"https:\/\/poland.fashionrevolution.org\/wp-content\/uploads\/sites\/23\/2023\/01\/post8-2048x2048.png","contentUrl":"https:\/\/poland.fashionrevolution.org\/wp-content\/uploads\/sites\/23\/2023\/01\/post8-2048x2048.png"},{"@type":"BreadcrumbList","@id":"https:\/\/poland.fashionrevolution.org\/raporttransformacje\/#breadcrumb","itemListElement":[{"@type":"ListItem","position":1,"name":"Home","item":"https:\/\/poland.fashionrevolution.org\/"},{"@type":"ListItem","position":2,"name":"Pobierz Transformacje. Raport o modzie cyrkularnej w Polsce"}]},{"@type":"WebSite","@id":"https:\/\/poland.fashionrevolution.org\/#website","url":"https:\/\/poland.fashionrevolution.org\/","name":"Fashion Revolution Polska","description":"Fashion Revolution Polska","publisher":{"@id":"https:\/\/poland.fashionrevolution.org\/#organization"},"potentialAction":[{"@type":"SearchAction","target":{"@type":"EntryPoint","urlTemplate":"https:\/\/poland.fashionrevolution.org\/?s={search_term_string}"},"query-input":{"@type":"PropertyValueSpecification","valueRequired":true,"valueName":"search_term_string"}}],"inLanguage":"pt-BR"},{"@type":"Organization","@id":"https:\/\/poland.fashionrevolution.org\/#organization","name":"Fashion Revolution Polska","url":"https:\/\/poland.fashionrevolution.org\/","logo":{"@type":"ImageObject","inLanguage":"pt-BR","@id":"https:\/\/poland.fashionrevolution.org\/#\/schema\/logo\/image\/","url":"https:\/\/poland.fashionrevolution.org\/wp-content\/uploads\/sites\/23\/2022\/11\/Logo_Poland-1-uai-258x258-1.jpg","contentUrl":"https:\/\/poland.fashionrevolution.org\/wp-content\/uploads\/sites\/23\/2022\/11\/Logo_Poland-1-uai-258x258-1.jpg","width":258,"height":258,"caption":"Fashion Revolution Polska"},"image":{"@id":"https:\/\/poland.fashionrevolution.org\/#\/schema\/logo\/image\/"},"sameAs":["https:\/\/www.facebook.com\/FashionRevolutionPoland\/","https:\/\/www.instagram.com\/fash_revpoland\/"]}]}},"_links":{"self":[{"href":"https:\/\/poland.fashionrevolution.org\/pt\/wp-json\/wp\/v2\/pages\/546","targetHints":{"allow":["GET"]}}],"collection":[{"href":"https:\/\/poland.fashionrevolution.org\/pt\/wp-json\/wp\/v2\/pages"}],"about":[{"href":"https:\/\/poland.fashionrevolution.org\/pt\/wp-json\/wp\/v2\/types\/page"}],"author":[{"embeddable":true,"href":"https:\/\/poland.fashionrevolution.org\/pt\/wp-json\/wp\/v2\/users\/27"}],"replies":[{"embeddable":true,"href":"https:\/\/poland.fashionrevolution.org\/pt\/wp-json\/wp\/v2\/comments?post=546"}],"version-history":[{"count":115,"href":"https:\/\/poland.fashionrevolution.org\/pt\/wp-json\/wp\/v2\/pages\/546\/revisions"}],"predecessor-version":[{"id":1096,"href":"https:\/\/poland.fashionrevolution.org\/pt\/wp-json\/wp\/v2\/pages\/546\/revisions\/1096"}],"wp:attachment":[{"href":"https:\/\/poland.fashionrevolution.org\/pt\/wp-json\/wp\/v2\/media?parent=546"}],"curies":[{"name":"wp","href":"https:\/\/api.w.org\/{rel}","templated":true}]}}